{"id":5669,"date":"2021-08-31T11:03:58","date_gmt":"2021-08-31T11:03:58","guid":{"rendered":"http:\/\/www.azizart.tn\/fr\/?post_type=product&#038;p=5669"},"modified":"2024-08-30T10:43:29","modified_gmt":"2024-08-30T10:43:29","slug":"gel-liquitex-brillant-473ml","status":"publish","type":"product","link":"https:\/\/www.azizart.tn\/fr\/product\/gel-liquitex-brillant-473ml\/","title":{"rendered":"Gel Liquitex Brillant &#8211; 473ml"},"content":{"rendered":"","protected":false},"excerpt":{"rendered":"<p>Augmentez la brillance, augmentez le volume et \u00e9paississez, tout en prolongeant le temps de s\u00e9chage &#8211; ou utilisez comme adh\u00e9sif de collage.<br \/>\nCe qu&#8217;il fait<br \/>\nAugmente la brillance de la surface, la profondeur des couleurs et la transparence<br \/>\nProlonge davantage votre couleur sans affecter la stabilit\u00e9 de l&#8217;acrylique<br \/>\nDonne \u00e0 la peinture corporelle \u00e9paisse une brillance de couleur semblable \u00e0 celle de l&#8217;huile<br \/>\nAugmente la viscosit\u00e9 des peintures douces pour le corps, donnant une consistance plus \u00e9paisse<br \/>\nRalentit le temps de s\u00e9chage et am\u00e9liore l&#8217;apparence des marques de pinceau<br \/>\nMaintient l&#8217;adh\u00e9rence, la durabilit\u00e9 et la qualit\u00e9 d&#8217;archivage de la peinture<br \/>\nComment l&#8217;utiliser<br \/>\nEnti\u00e8rement m\u00e9langeable avec tous les produits Liquitex<br \/>\nM\u00e9langer avec du gel mat pour cr\u00e9er un gel satin\u00e9 personnalis\u00e9<br \/>\nPeut \u00eatre dilu\u00e9 en diluant avec jusqu&#8217;\u00e0 25% d&#8217;eau &#8211; l&#8217;eau distill\u00e9e donnera les meilleurs r\u00e9sultats<br \/>\nM\u00e9langez autant que vous le souhaitez dans la couleur acrylique pour cr\u00e9er la viscosit\u00e9 et la transparence souhait\u00e9es &#8211; plus vous en ajoutez, plus votre couleur deviendra transparente<br \/>\nM\u00e9langer \u00e0 l&#8217;acrylique Heavy Body pour augmenter le volume et maintenir la viscosit\u00e9<br \/>\nM\u00e9langer dans Soft Body ou encre acrylique pour augmenter le volume et \u00e9paissir<br \/>\nIl est semi-opaque lorsqu&#8217;il est mouill\u00e9, transparent lorsqu&#8217;il est sec &#8211; lorsqu&#8217;il est utilis\u00e9 tr\u00e8s \u00e9pais, il peut s\u00e9cher semi-opaque<br \/>\nAppliquer avec un pinceau comme colle de collage et fixateur<br \/>\nComment ne pas l&#8217;utiliser<br \/>\nNe pas trop brosser vigoureusement car cela peut donner un aspect brumeux et brumeux une fois sec<br \/>\nNe pas utiliser avec un support compatible non acrylique<\/p>\n","protected":false},"featured_media":6105,"template":"","meta":{"_vp_format_video_url":"","_vp_image_focal_point":[]},"product_cat":[60,108,67,163,59],"product_tag":[],"_links":{"self":[{"href":"https:\/\/www.azizart.tn\/fr\/wp-json\/wp\/v2\/product\/5669"}],"collection":[{"href":"https:\/\/www.azizart.tn\/fr\/wp-json\/wp\/v2\/product"}],"about":[{"href":"https:\/\/www.azizart.tn\/fr\/wp-json\/wp\/v2\/types\/product"}],"wp:featuredmedia":[{"embeddable":true,"href":"https:\/\/www.azizart.tn\/fr\/wp-json\/wp\/v2\/media\/6105"}],"wp:attachment":[{"href":"https:\/\/www.azizart.tn\/fr\/wp-json\/wp\/v2\/media?parent=5669"}],"wp:term":[{"taxonomy":"product_cat","embeddable":true,"href":"https:\/\/www.azizart.tn\/fr\/wp-json\/wp\/v2\/product_cat?post=5669"},{"taxonomy":"product_tag","embeddable":true,"href":"https:\/\/www.azizart.tn\/fr\/wp-json\/wp\/v2\/product_tag?post=5669"}],"curies":[{"name":"wp","href":"https:\/\/api.w.org\/{rel}","templated":true}]}}