{"id":5546,"date":"2021-08-27T19:58:48","date_gmt":"2021-08-27T19:58:48","guid":{"rendered":"http:\/\/www.azizart.tn\/fr\/?post_type=product&#038;p=5546"},"modified":"2022-11-21T15:02:20","modified_gmt":"2022-11-21T15:02:20","slug":"huile-de-lin-purifiee-75ml-talens","status":"publish","type":"product","link":"https:\/\/www.azizart.tn\/fr\/product\/huile-de-lin-purifiee-75ml-talens\/","title":{"rendered":"Huile de lin purifi\u00e9e 75ml &#8211; Talens"},"content":{"rendered":"","protected":false},"excerpt":{"rendered":"<p>L&#8217;huile de lin purifi\u00e9e TALENS sert \u00e0 pr\u00e9parer soi-m\u00eame de la peinture ou du m\u00e9dium \u00e0 peindre.<br \/>\nUn m\u00e9dium ne doit jamais contenir plus de 40% d&#8217;huile. Sinon, le film de peinture deviendra rapidement trop gras et une couche suivante n&#8217;adh\u00e8rera que difficilement.<\/p>\n<p>Composition : huile de lin<\/p>\n<p>Caract\u00e9ristiques :<\/p>\n<p>\u2022 Augmente la brillance et prolonge le temps de s\u00e9chage du film de peinture<br \/>\n\u2022 Augmente la probabilit\u00e9 de \u201cbr\u00fblures\u201d (rides dans la couche de peinture)<br \/>\n\u2022 Jaunit consid\u00e9rablement dans le noir, un effet qui dispara\u00eet dans la lumi\u00e8re du jour<br \/>\n\u2022 Se dilue avec de l\u2019essence de p\u00e9trole ou de t\u00e9r\u00e9benthine<\/p>\n<p>La d\u00e9nomination &#8220;purifi\u00e9e&#8221; vient du temps o\u00f9, apr\u00e8s \u00eatre extraite des grains de lin, on d\u00e9faisait l&#8217;huile des restes de pelure et des mucilages. On obtient donc un produit final tr\u00e8s pur et aussi incolore que possible.<\/p>\n","protected":false},"featured_media":6065,"template":"","meta":{"_vp_format_video_url":"","_vp_image_focal_point":[]},"product_cat":[108,66,164],"product_tag":[],"_links":{"self":[{"href":"https:\/\/www.azizart.tn\/fr\/wp-json\/wp\/v2\/product\/5546"}],"collection":[{"href":"https:\/\/www.azizart.tn\/fr\/wp-json\/wp\/v2\/product"}],"about":[{"href":"https:\/\/www.azizart.tn\/fr\/wp-json\/wp\/v2\/types\/product"}],"wp:featuredmedia":[{"embeddable":true,"href":"https:\/\/www.azizart.tn\/fr\/wp-json\/wp\/v2\/media\/6065"}],"wp:attachment":[{"href":"https:\/\/www.azizart.tn\/fr\/wp-json\/wp\/v2\/media?parent=5546"}],"wp:term":[{"taxonomy":"product_cat","embeddable":true,"href":"https:\/\/www.azizart.tn\/fr\/wp-json\/wp\/v2\/product_cat?post=5546"},{"taxonomy":"product_tag","embeddable":true,"href":"https:\/\/www.azizart.tn\/fr\/wp-json\/wp\/v2\/product_tag?post=5546"}],"curies":[{"name":"wp","href":"https:\/\/api.w.org\/{rel}","templated":true}]}}