{"id":5544,"date":"2021-08-27T19:55:47","date_gmt":"2021-08-27T19:55:47","guid":{"rendered":"http:\/\/www.azizart.tn\/fr\/?post_type=product&#038;p=5544"},"modified":"2022-11-21T15:02:53","modified_gmt":"2022-11-21T15:02:53","slug":"diluants-essence-de-terebenthine-rectifiee-75-ml","status":"publish","type":"product","link":"https:\/\/www.azizart.tn\/fr\/product\/diluants-essence-de-terebenthine-rectifiee-75-ml\/","title":{"rendered":"Diluants Essence de T\u00e9r\u00e9benthine Rectifi\u00e9e  75 ml"},"content":{"rendered":"<p>Sert \u00e0 diluer l\u2019huile et \u00e0 nettoyer les outils de peinture, pour obtenir une plus grande fluidit\u00e9 du coup de pinceau. Composition\u202f: huile de t\u00e9r\u00e9benthine (distill\u00e9e \u00e0 partir de baumes r\u00e9sineux provenant de pins.).<\/p>\n","protected":false},"excerpt":{"rendered":"<p>Sert \u00e0 diluer l\u2019huile et \u00e0 nettoyer les outils de peinture, pour obtenir une plus grande fluidit\u00e9 du coup de pinceau. Composition\u202f: huile de t\u00e9r\u00e9benthine (distill\u00e9e \u00e0 partir de baumes r\u00e9sineux provenant de pins.).<\/p>\n","protected":false},"featured_media":5545,"template":"","meta":{"_vp_format_video_url":"","_vp_image_focal_point":[]},"product_cat":[108,66,164],"product_tag":[],"_links":{"self":[{"href":"https:\/\/www.azizart.tn\/fr\/wp-json\/wp\/v2\/product\/5544"}],"collection":[{"href":"https:\/\/www.azizart.tn\/fr\/wp-json\/wp\/v2\/product"}],"about":[{"href":"https:\/\/www.azizart.tn\/fr\/wp-json\/wp\/v2\/types\/product"}],"wp:featuredmedia":[{"embeddable":true,"href":"https:\/\/www.azizart.tn\/fr\/wp-json\/wp\/v2\/media\/5545"}],"wp:attachment":[{"href":"https:\/\/www.azizart.tn\/fr\/wp-json\/wp\/v2\/media?parent=5544"}],"wp:term":[{"taxonomy":"product_cat","embeddable":true,"href":"https:\/\/www.azizart.tn\/fr\/wp-json\/wp\/v2\/product_cat?post=5544"},{"taxonomy":"product_tag","embeddable":true,"href":"https:\/\/www.azizart.tn\/fr\/wp-json\/wp\/v2\/product_tag?post=5544"}],"curies":[{"name":"wp","href":"https:\/\/api.w.org\/{rel}","templated":true}]}}