{"id":5542,"date":"2021-08-27T19:51:22","date_gmt":"2021-08-27T19:51:22","guid":{"rendered":"http:\/\/www.azizart.tn\/fr\/?post_type=product&#038;p=5542"},"modified":"2022-11-21T15:03:17","modified_gmt":"2022-11-21T15:03:17","slug":"huile-de-lin-raffinee-75-ml-pebeo","status":"publish","type":"product","link":"https:\/\/www.azizart.tn\/fr\/product\/huile-de-lin-raffinee-75-ml-pebeo\/","title":{"rendered":"HUILE DE LIN RAFFINEE 75 ML &#8211; PEBEO"},"content":{"rendered":"","protected":false},"excerpt":{"rendered":"<p>Cette huile est extraite de graines de lin. Associ\u00e9e aux pigments de votre cho ix, elle deviendra un excellent liant qui vous donnera des p\u00e2tes tr\u00e8s agr\u00e9able s \u00e0 travailler, qui durcissent vite, en profondeur.<\/p>\n","protected":false},"featured_media":6067,"template":"","meta":{"_vp_format_video_url":"","_vp_image_focal_point":[]},"product_cat":[108,66,164],"product_tag":[],"_links":{"self":[{"href":"https:\/\/www.azizart.tn\/fr\/wp-json\/wp\/v2\/product\/5542"}],"collection":[{"href":"https:\/\/www.azizart.tn\/fr\/wp-json\/wp\/v2\/product"}],"about":[{"href":"https:\/\/www.azizart.tn\/fr\/wp-json\/wp\/v2\/types\/product"}],"wp:featuredmedia":[{"embeddable":true,"href":"https:\/\/www.azizart.tn\/fr\/wp-json\/wp\/v2\/media\/6067"}],"wp:attachment":[{"href":"https:\/\/www.azizart.tn\/fr\/wp-json\/wp\/v2\/media?parent=5542"}],"wp:term":[{"taxonomy":"product_cat","embeddable":true,"href":"https:\/\/www.azizart.tn\/fr\/wp-json\/wp\/v2\/product_cat?post=5542"},{"taxonomy":"product_tag","embeddable":true,"href":"https:\/\/www.azizart.tn\/fr\/wp-json\/wp\/v2\/product_tag?post=5542"}],"curies":[{"name":"wp","href":"https:\/\/api.w.org\/{rel}","templated":true}]}}