{"id":5540,"date":"2021-08-27T19:49:15","date_gmt":"2021-08-27T19:49:15","guid":{"rendered":"http:\/\/www.azizart.tn\/fr\/?post_type=product&#038;p=5540"},"modified":"2022-11-21T15:03:35","modified_gmt":"2022-11-21T15:03:35","slug":"essence-minerale-inodore-75-ml-pebeo","status":"publish","type":"product","link":"https:\/\/www.azizart.tn\/fr\/product\/essence-minerale-inodore-75-ml-pebeo\/","title":{"rendered":"ESSENCE MIN\u00c9RALE INODORE 75 ML &#8211; PEBEO"},"content":{"rendered":"","protected":false},"excerpt":{"rendered":"<p>Utilis\u00e9e pour diluer les couleurs \u00e0 l\u2019huile, les m\u00e9diums et vernis.<br \/>\nInodore, elle ne pr\u00e9sente aucun risque d\u2019irritation ou d\u2019allergie et est particuli\u00e8rement recommand\u00e9e pour une utilisation en espace ferm\u00e9.<br \/>\nFlacon 75 ml.<\/p>\n","protected":false},"featured_media":5541,"template":"","meta":{"_vp_format_video_url":"","_vp_image_focal_point":[]},"product_cat":[108,66,164],"product_tag":[],"_links":{"self":[{"href":"https:\/\/www.azizart.tn\/fr\/wp-json\/wp\/v2\/product\/5540"}],"collection":[{"href":"https:\/\/www.azizart.tn\/fr\/wp-json\/wp\/v2\/product"}],"about":[{"href":"https:\/\/www.azizart.tn\/fr\/wp-json\/wp\/v2\/types\/product"}],"wp:featuredmedia":[{"embeddable":true,"href":"https:\/\/www.azizart.tn\/fr\/wp-json\/wp\/v2\/media\/5541"}],"wp:attachment":[{"href":"https:\/\/www.azizart.tn\/fr\/wp-json\/wp\/v2\/media?parent=5540"}],"wp:term":[{"taxonomy":"product_cat","embeddable":true,"href":"https:\/\/www.azizart.tn\/fr\/wp-json\/wp\/v2\/product_cat?post=5540"},{"taxonomy":"product_tag","embeddable":true,"href":"https:\/\/www.azizart.tn\/fr\/wp-json\/wp\/v2\/product_tag?post=5540"}],"curies":[{"name":"wp","href":"https:\/\/api.w.org\/{rel}","templated":true}]}}