{"id":5538,"date":"2021-08-27T19:46:20","date_gmt":"2021-08-27T19:46:20","guid":{"rendered":"http:\/\/www.azizart.tn\/fr\/?post_type=product&#038;p=5538"},"modified":"2022-11-21T15:05:16","modified_gmt":"2022-11-21T15:05:16","slug":"medium-a-peindre-a-prise-lente-j-g-vibert-satine-75ml","status":"publish","type":"product","link":"https:\/\/www.azizart.tn\/fr\/product\/medium-a-peindre-a-prise-lente-j-g-vibert-satine-75ml\/","title":{"rendered":"M\u00c9DIUM \u00c0 PEINDRE \u00c0 PRISE LENTE J.G. VIBERT SATIN\u00c9 75ML"},"content":{"rendered":"","protected":false},"excerpt":{"rendered":"","protected":false},"featured_media":6064,"template":"","meta":{"_vp_format_video_url":"","_vp_image_focal_point":[]},"product_cat":[108,66,164],"product_tag":[],"_links":{"self":[{"href":"https:\/\/www.azizart.tn\/fr\/wp-json\/wp\/v2\/product\/5538"}],"collection":[{"href":"https:\/\/www.azizart.tn\/fr\/wp-json\/wp\/v2\/product"}],"about":[{"href":"https:\/\/www.azizart.tn\/fr\/wp-json\/wp\/v2\/types\/product"}],"wp:featuredmedia":[{"embeddable":true,"href":"https:\/\/www.azizart.tn\/fr\/wp-json\/wp\/v2\/media\/6064"}],"wp:attachment":[{"href":"https:\/\/www.azizart.tn\/fr\/wp-json\/wp\/v2\/media?parent=5538"}],"wp:term":[{"taxonomy":"product_cat","embeddable":true,"href":"https:\/\/www.azizart.tn\/fr\/wp-json\/wp\/v2\/product_cat?post=5538"},{"taxonomy":"product_tag","embeddable":true,"href":"https:\/\/www.azizart.tn\/fr\/wp-json\/wp\/v2\/product_tag?post=5538"}],"curies":[{"name":"wp","href":"https:\/\/api.w.org\/{rel}","templated":true}]}}