{"id":5534,"date":"2021-08-27T19:39:39","date_gmt":"2021-08-27T19:39:39","guid":{"rendered":"http:\/\/www.azizart.tn\/fr\/?post_type=product&#038;p=5534"},"modified":"2022-11-21T15:06:14","modified_gmt":"2022-11-21T15:06:14","slug":"medium-a-loeuf-xavier-de-langlais-mat-75ml","status":"publish","type":"product","link":"https:\/\/www.azizart.tn\/fr\/product\/medium-a-loeuf-xavier-de-langlais-mat-75ml\/","title":{"rendered":"M\u00c9DIUM \u00c0 L\u2019\u0152UF XAVIER DE LANGLAIS MAT 75ML"},"content":{"rendered":"","protected":false},"excerpt":{"rendered":"<p>Le m\u00e9dium \u00e0 l\u2019\u0153uf Xavier de Langlais apporte onctuosit\u00e9 \u00e0 la p\u00e2te, acc\u00e9l\u00e8re la prise \u00e0 c\u0153ur, permet des effets de superposition de touches et velout\u00e9 \u00e0 l&#8217;huile avec un fini mat ou brillant selon le dosage. Il apporte un aspect mat (concentration de 8 \u00e0 10 gouttes) ou brillant (concentration 4 \u00e0 5 gouttes).<br \/>\nCette recette tr\u00e8s originale de Xavier de Langlais est issue des peintres primitifs Italiens qui utilisaient une \u00e9mulsion \u00e0 base d&#8217;oeuf pour fixer et garder la couleur. Avec un aspect frais, cette technique appel\u00e9e &#8220;Tempera&#8221; est stable et parfaitement dos\u00e9e pour l&#8217;obtention d&#8217;une magnifique \u00e9criture. On recommande de bien l&#8217;agiter avant utilisation pour une belle onctuosit\u00e9 de la p\u00e2te.<\/p>\n","protected":false},"featured_media":6062,"template":"","meta":{"_vp_format_video_url":"","_vp_image_focal_point":[]},"product_cat":[108,66,164],"product_tag":[],"_links":{"self":[{"href":"https:\/\/www.azizart.tn\/fr\/wp-json\/wp\/v2\/product\/5534"}],"collection":[{"href":"https:\/\/www.azizart.tn\/fr\/wp-json\/wp\/v2\/product"}],"about":[{"href":"https:\/\/www.azizart.tn\/fr\/wp-json\/wp\/v2\/types\/product"}],"wp:featuredmedia":[{"embeddable":true,"href":"https:\/\/www.azizart.tn\/fr\/wp-json\/wp\/v2\/media\/6062"}],"wp:attachment":[{"href":"https:\/\/www.azizart.tn\/fr\/wp-json\/wp\/v2\/media?parent=5534"}],"wp:term":[{"taxonomy":"product_cat","embeddable":true,"href":"https:\/\/www.azizart.tn\/fr\/wp-json\/wp\/v2\/product_cat?post=5534"},{"taxonomy":"product_tag","embeddable":true,"href":"https:\/\/www.azizart.tn\/fr\/wp-json\/wp\/v2\/product_tag?post=5534"}],"curies":[{"name":"wp","href":"https:\/\/api.w.org\/{rel}","templated":true}]}}