{"id":5530,"date":"2021-08-27T19:19:16","date_gmt":"2021-08-27T19:19:16","guid":{"rendered":"http:\/\/www.azizart.tn\/fr\/?post_type=product&#038;p=5530"},"modified":"2022-11-21T15:06:50","modified_gmt":"2022-11-21T15:06:50","slug":"essence-daspic-naturelle-250ml-lefranc-bourgeois","status":"publish","type":"product","link":"https:\/\/www.azizart.tn\/fr\/product\/essence-daspic-naturelle-250ml-lefranc-bourgeois\/","title":{"rendered":"ESSENCE D\u2019ASPIC NATURELLE 250ML LEFRANC &#038; BOURGEOIS"},"content":{"rendered":"<p>L&#8217;essence d&#8217;aspic naturelle est obtenue par distillation de la lavande. Elle s&#8217;\u00e9vapore tr\u00e8s lentement et permet un travail pr\u00e9cis de la transparence des touches. On l&#8217;utilisera pour r\u00e9aliser des \u00e9bauches. M\u00e9lang\u00e9e \u00e0 un m\u00e9dium, elle catalyse l&#8217;effet retardateur.<br \/>\nL\u2019essence d\u2019aspic naturelle permet un travail pr\u00e9cis de la transparence des touches.<\/p>\n<p>Texture : Liquide | Fini : Mat | S\u00e9chage : Lent<\/p>\n","protected":false},"excerpt":{"rendered":"<p>L&#8217;essence d&#8217;aspic naturelle est obtenue par distillation de la lavande. Elle s&#8217;\u00e9vapore tr\u00e8s lentement et permet un travail pr\u00e9cis de la transparence des touches. On l&#8217;utilisera pour r\u00e9aliser des \u00e9bauches. M\u00e9lang\u00e9e \u00e0 un m\u00e9dium, elle catalyse l&#8217;effet retardateur.<br \/>\nL\u2019essence d\u2019aspic naturelle permet un travail pr\u00e9cis de la transparence des touches.<\/p>\n<p>Texture : Liquide | Fini : Mat | S\u00e9chage : Lent<\/p>\n","protected":false},"featured_media":5531,"template":"","meta":{"_vp_format_video_url":"","_vp_image_focal_point":[]},"product_cat":[108,66,164],"product_tag":[],"_links":{"self":[{"href":"https:\/\/www.azizart.tn\/fr\/wp-json\/wp\/v2\/product\/5530"}],"collection":[{"href":"https:\/\/www.azizart.tn\/fr\/wp-json\/wp\/v2\/product"}],"about":[{"href":"https:\/\/www.azizart.tn\/fr\/wp-json\/wp\/v2\/types\/product"}],"wp:featuredmedia":[{"embeddable":true,"href":"https:\/\/www.azizart.tn\/fr\/wp-json\/wp\/v2\/media\/5531"}],"wp:attachment":[{"href":"https:\/\/www.azizart.tn\/fr\/wp-json\/wp\/v2\/media?parent=5530"}],"wp:term":[{"taxonomy":"product_cat","embeddable":true,"href":"https:\/\/www.azizart.tn\/fr\/wp-json\/wp\/v2\/product_cat?post=5530"},{"taxonomy":"product_tag","embeddable":true,"href":"https:\/\/www.azizart.tn\/fr\/wp-json\/wp\/v2\/product_tag?post=5530"}],"curies":[{"name":"wp","href":"https:\/\/api.w.org\/{rel}","templated":true}]}}