{"id":5523,"date":"2021-08-27T17:55:11","date_gmt":"2021-08-27T17:55:11","guid":{"rendered":"http:\/\/www.azizart.tn\/fr\/?post_type=product&#038;p=5523"},"modified":"2022-11-21T15:08:00","modified_gmt":"2022-11-21T15:08:00","slug":"vernis-a-tableaux-anti-uv-mat-satine-150ml-lefranc-bourgeois","status":"publish","type":"product","link":"https:\/\/www.azizart.tn\/fr\/product\/vernis-a-tableaux-anti-uv-mat-satine-150ml-lefranc-bourgeois\/","title":{"rendered":"VERNIS \u00c0 TABLEAUX ANTI-UV MAT-SATINE 150ML LEFRANC &#038; BOURGEOIS"},"content":{"rendered":"","protected":false},"excerpt":{"rendered":"<p>Permet de superposer des couleurs fra\u00eeches sur d&#8217;anciennes couches. Elimine les zones mates des tableaux en fin de r\u00e9alisation. Naturellement incolore, il ne jaunit pas en vieillissant. L&#8217;appliquer en frottis l\u00e9gers avec une brosse douce et plus particuli\u00e8rement sur les embus.<\/p>\n","protected":false},"featured_media":5525,"template":"","meta":{"_vp_format_video_url":"","_vp_image_focal_point":[]},"product_cat":[108,71,167,166],"product_tag":[],"_links":{"self":[{"href":"https:\/\/www.azizart.tn\/fr\/wp-json\/wp\/v2\/product\/5523"}],"collection":[{"href":"https:\/\/www.azizart.tn\/fr\/wp-json\/wp\/v2\/product"}],"about":[{"href":"https:\/\/www.azizart.tn\/fr\/wp-json\/wp\/v2\/types\/product"}],"wp:featuredmedia":[{"embeddable":true,"href":"https:\/\/www.azizart.tn\/fr\/wp-json\/wp\/v2\/media\/5525"}],"wp:attachment":[{"href":"https:\/\/www.azizart.tn\/fr\/wp-json\/wp\/v2\/media?parent=5523"}],"wp:term":[{"taxonomy":"product_cat","embeddable":true,"href":"https:\/\/www.azizart.tn\/fr\/wp-json\/wp\/v2\/product_cat?post=5523"},{"taxonomy":"product_tag","embeddable":true,"href":"https:\/\/www.azizart.tn\/fr\/wp-json\/wp\/v2\/product_tag?post=5523"}],"curies":[{"name":"wp","href":"https:\/\/api.w.org\/{rel}","templated":true}]}}