{"id":5517,"date":"2021-08-27T17:31:54","date_gmt":"2021-08-27T17:31:54","guid":{"rendered":"http:\/\/www.azizart.tn\/fr\/?post_type=product&#038;p=5517"},"modified":"2022-11-21T15:08:50","modified_gmt":"2022-11-21T15:08:50","slug":"vernis-a-tableaux-anti-uv-brillant-400ml-lefranc-bourgeois","status":"publish","type":"product","link":"https:\/\/www.azizart.tn\/fr\/product\/vernis-a-tableaux-anti-uv-brillant-400ml-lefranc-bourgeois\/","title":{"rendered":"VERNIS \u00c0 TABLEAUX ANTI-UV BRILLANT 400ML LEFRANC &#038; BOURGEOIS"},"content":{"rendered":"","protected":false},"excerpt":{"rendered":"<p>Vernis a\u00e9rosol brillant \u00e0 tableaux (anti-UV) Lefranc Bourgeois<br \/>\nSouple et transparent, le vernis surfin anti UV peut \u00eatre m\u00e9lang\u00e9 \u00e0 un autre vernis pour lui att\u00e9nuer sa brillance. Employ\u00e9 tel quel, sa facilit\u00e9 d\u2019utilisation le rend compatible avec les peintures de grandes dimensions.<\/p>\n<p>Plus d\u2019infos :<br \/>\nTexture : liquide<br \/>\nFini : brillant<br \/>\nS\u00e9chage : mod\u00e9r\u00e9<\/p>\n","protected":false},"featured_media":6087,"template":"","meta":{"_vp_format_video_url":"","_vp_image_focal_point":[]},"product_cat":[108,71,167,166],"product_tag":[],"_links":{"self":[{"href":"https:\/\/www.azizart.tn\/fr\/wp-json\/wp\/v2\/product\/5517"}],"collection":[{"href":"https:\/\/www.azizart.tn\/fr\/wp-json\/wp\/v2\/product"}],"about":[{"href":"https:\/\/www.azizart.tn\/fr\/wp-json\/wp\/v2\/types\/product"}],"wp:featuredmedia":[{"embeddable":true,"href":"https:\/\/www.azizart.tn\/fr\/wp-json\/wp\/v2\/media\/6087"}],"wp:attachment":[{"href":"https:\/\/www.azizart.tn\/fr\/wp-json\/wp\/v2\/media?parent=5517"}],"wp:term":[{"taxonomy":"product_cat","embeddable":true,"href":"https:\/\/www.azizart.tn\/fr\/wp-json\/wp\/v2\/product_cat?post=5517"},{"taxonomy":"product_tag","embeddable":true,"href":"https:\/\/www.azizart.tn\/fr\/wp-json\/wp\/v2\/product_tag?post=5517"}],"curies":[{"name":"wp","href":"https:\/\/api.w.org\/{rel}","templated":true}]}}