{"id":5513,"date":"2021-08-27T17:25:38","date_gmt":"2021-08-27T17:25:38","guid":{"rendered":"http:\/\/www.azizart.tn\/fr\/?post_type=product&#038;p=5513"},"modified":"2023-11-10T16:43:55","modified_gmt":"2023-11-10T16:43:55","slug":"vernis-a-tableaux-anti-uv-satine-400ml-lefranc-bourgeois-2","status":"publish","type":"product","link":"https:\/\/www.azizart.tn\/fr\/product\/vernis-a-tableaux-anti-uv-satine-400ml-lefranc-bourgeois-2\/","title":{"rendered":"VERNIS \u00c0 TABLEAUX ANTI-UV SATINE 400ML LEFRANC &#038; BOURGEOIS"},"content":{"rendered":"","protected":false},"excerpt":{"rendered":"<p>Le vernis satin\u00e9est souple et r\u00e9sistant, il permet de prot\u00e9ger la toile et de garder la valeur satin\u00e9 du travail issu de m\u00e9diums satin\u00e9.<br \/>\nIl permet de retrouver l&#8217;esprit impressionniste tout en apportant un aspect uniforme.<\/p>\n","protected":false},"featured_media":5515,"template":"","meta":{"_vp_format_video_url":"","_vp_image_focal_point":[]},"product_cat":[108,71,167,166],"product_tag":[],"_links":{"self":[{"href":"https:\/\/www.azizart.tn\/fr\/wp-json\/wp\/v2\/product\/5513"}],"collection":[{"href":"https:\/\/www.azizart.tn\/fr\/wp-json\/wp\/v2\/product"}],"about":[{"href":"https:\/\/www.azizart.tn\/fr\/wp-json\/wp\/v2\/types\/product"}],"wp:featuredmedia":[{"embeddable":true,"href":"https:\/\/www.azizart.tn\/fr\/wp-json\/wp\/v2\/media\/5515"}],"wp:attachment":[{"href":"https:\/\/www.azizart.tn\/fr\/wp-json\/wp\/v2\/media?parent=5513"}],"wp:term":[{"taxonomy":"product_cat","embeddable":true,"href":"https:\/\/www.azizart.tn\/fr\/wp-json\/wp\/v2\/product_cat?post=5513"},{"taxonomy":"product_tag","embeddable":true,"href":"https:\/\/www.azizart.tn\/fr\/wp-json\/wp\/v2\/product_tag?post=5513"}],"curies":[{"name":"wp","href":"https:\/\/api.w.org\/{rel}","templated":true}]}}