{"id":5492,"date":"2021-08-26T22:55:54","date_gmt":"2021-08-26T22:55:54","guid":{"rendered":"http:\/\/www.azizart.tn\/fr\/?post_type=product&#038;p=5492"},"modified":"2022-11-21T15:49:11","modified_gmt":"2022-11-21T15:49:11","slug":"vernis-crystal-pebeo-75-ml","status":"publish","type":"product","link":"https:\/\/www.azizart.tn\/fr\/product\/vernis-crystal-pebeo-75-ml\/","title":{"rendered":"Vernis Crystal P\u00e9b\u00e9o  &#8211; 75 ml"},"content":{"rendered":"","protected":false},"excerpt":{"rendered":"<p>Tr\u00e8s limpide, facile \u00e0 appliquer, avec une viscosit\u00e9 plus soutenue que le vernis \u00e0 tableau surfin. Rendu pr\u00e9cieux de l\u2019oeuvre gr\u00e2ce \u00e0 la finesse du film et la discr\u00e9tion de son reflet, id\u00e9al pour la mise en valeur de la finesse des formes et nuances.<\/p>\n","protected":false},"featured_media":6079,"template":"","meta":{"_vp_format_video_url":"","_vp_image_focal_point":[]},"product_cat":[108,163,71],"product_tag":[],"_links":{"self":[{"href":"https:\/\/www.azizart.tn\/fr\/wp-json\/wp\/v2\/product\/5492"}],"collection":[{"href":"https:\/\/www.azizart.tn\/fr\/wp-json\/wp\/v2\/product"}],"about":[{"href":"https:\/\/www.azizart.tn\/fr\/wp-json\/wp\/v2\/types\/product"}],"wp:featuredmedia":[{"embeddable":true,"href":"https:\/\/www.azizart.tn\/fr\/wp-json\/wp\/v2\/media\/6079"}],"wp:attachment":[{"href":"https:\/\/www.azizart.tn\/fr\/wp-json\/wp\/v2\/media?parent=5492"}],"wp:term":[{"taxonomy":"product_cat","embeddable":true,"href":"https:\/\/www.azizart.tn\/fr\/wp-json\/wp\/v2\/product_cat?post=5492"},{"taxonomy":"product_tag","embeddable":true,"href":"https:\/\/www.azizart.tn\/fr\/wp-json\/wp\/v2\/product_tag?post=5492"}],"curies":[{"name":"wp","href":"https:\/\/api.w.org\/{rel}","templated":true}]}}