{"id":5402,"date":"2021-08-25T12:31:36","date_gmt":"2021-08-25T12:31:36","guid":{"rendered":"http:\/\/www.azizart.tn\/fr\/?post_type=product&#038;p=5402"},"modified":"2022-11-21T16:12:56","modified_gmt":"2022-11-21T16:12:56","slug":"vernis-a-tableaux-anti-uv-satine-250ml-lefranc-bourgeois","status":"publish","type":"product","link":"https:\/\/www.azizart.tn\/fr\/product\/vernis-a-tableaux-anti-uv-satine-250ml-lefranc-bourgeois\/","title":{"rendered":"VERNIS \u00c0 TABLEAUX ANTI-UV MAT 150ML LEFRANC &#038; BOURGEOIS"},"content":{"rendered":"","protected":false},"excerpt":{"rendered":"<p>Le vernis mat est souple et r\u00e9sistant, il permet de prot\u00e9ger la toile et de garder la valeur mate du travail issu de m\u00e9diums mats.<br \/>\nIl permet de retrouver l&#8217;esprit impressionniste tout en apportant un aspect uniforme.<\/p>\n","protected":false},"featured_media":6084,"template":"","meta":{"_vp_format_video_url":"","_vp_image_focal_point":[]},"product_cat":[108,71,167,166],"product_tag":[],"_links":{"self":[{"href":"https:\/\/www.azizart.tn\/fr\/wp-json\/wp\/v2\/product\/5402"}],"collection":[{"href":"https:\/\/www.azizart.tn\/fr\/wp-json\/wp\/v2\/product"}],"about":[{"href":"https:\/\/www.azizart.tn\/fr\/wp-json\/wp\/v2\/types\/product"}],"wp:featuredmedia":[{"embeddable":true,"href":"https:\/\/www.azizart.tn\/fr\/wp-json\/wp\/v2\/media\/6084"}],"wp:attachment":[{"href":"https:\/\/www.azizart.tn\/fr\/wp-json\/wp\/v2\/media?parent=5402"}],"wp:term":[{"taxonomy":"product_cat","embeddable":true,"href":"https:\/\/www.azizart.tn\/fr\/wp-json\/wp\/v2\/product_cat?post=5402"},{"taxonomy":"product_tag","embeddable":true,"href":"https:\/\/www.azizart.tn\/fr\/wp-json\/wp\/v2\/product_tag?post=5402"}],"curies":[{"name":"wp","href":"https:\/\/api.w.org\/{rel}","templated":true}]}}