{"id":5400,"date":"2021-08-25T12:24:06","date_gmt":"2021-08-25T12:24:06","guid":{"rendered":"http:\/\/www.azizart.tn\/fr\/?post_type=product&#038;p=5400"},"modified":"2022-11-21T16:13:54","modified_gmt":"2022-11-21T16:13:54","slug":"essence-minerale-sans-odeur-250ml-lefranc-bourgeois","status":"publish","type":"product","link":"https:\/\/www.azizart.tn\/fr\/product\/essence-minerale-sans-odeur-250ml-lefranc-bourgeois\/","title":{"rendered":"ESSENCE MINERALE SANS ODEUR  250ML LEFRANC BOURGEOIS"},"content":{"rendered":"<p>Essence min\u00e9rale sans odeur &#8211; Lefranc Bourgeois L&#8217;essence min\u00e9rale sans odeur aide \u00e0 fluidifier huiles et m\u00e9diums ainsi que nettoyer les applicateurs&#8230;<\/p>\n<p>Disponible en 75ML\/250ML<\/p>\n","protected":false},"excerpt":{"rendered":"<p>Essence min\u00e9rale sans odeur &#8211; Lefranc Bourgeois L&#8217;essence min\u00e9rale sans odeur aide \u00e0 fluidifier huiles et m\u00e9diums ainsi que nettoyer les applicateurs&#8230;<\/p>\n<p>Disponible en 75ML\/250ML<\/p>\n","protected":false},"featured_media":4338,"template":"","meta":{"_vp_format_video_url":"","_vp_image_focal_point":[]},"product_cat":[108,66,164],"product_tag":[],"_links":{"self":[{"href":"https:\/\/www.azizart.tn\/fr\/wp-json\/wp\/v2\/product\/5400"}],"collection":[{"href":"https:\/\/www.azizart.tn\/fr\/wp-json\/wp\/v2\/product"}],"about":[{"href":"https:\/\/www.azizart.tn\/fr\/wp-json\/wp\/v2\/types\/product"}],"wp:featuredmedia":[{"embeddable":true,"href":"https:\/\/www.azizart.tn\/fr\/wp-json\/wp\/v2\/media\/4338"}],"wp:attachment":[{"href":"https:\/\/www.azizart.tn\/fr\/wp-json\/wp\/v2\/media?parent=5400"}],"wp:term":[{"taxonomy":"product_cat","embeddable":true,"href":"https:\/\/www.azizart.tn\/fr\/wp-json\/wp\/v2\/product_cat?post=5400"},{"taxonomy":"product_tag","embeddable":true,"href":"https:\/\/www.azizart.tn\/fr\/wp-json\/wp\/v2\/product_tag?post=5400"}],"curies":[{"name":"wp","href":"https:\/\/api.w.org\/{rel}","templated":true}]}}