{"id":5325,"date":"2021-08-24T13:25:47","date_gmt":"2021-08-24T13:25:47","guid":{"rendered":"http:\/\/www.azizart.tn\/fr\/?post_type=product&#038;p=5325"},"modified":"2022-11-21T16:35:50","modified_gmt":"2022-11-21T16:35:50","slug":"gouache-extra-fine-talens-assortiment-de-5-tubes-de-20ml","status":"publish","type":"product","link":"https:\/\/www.azizart.tn\/fr\/product\/gouache-extra-fine-talens-assortiment-de-5-tubes-de-20ml\/","title":{"rendered":"Gouache Extra fine TALENS &#8211; Assortiment de 5 tubes de 20ml"},"content":{"rendered":"","protected":false},"excerpt":{"rendered":"<p>Qualit\u00e9 Talens, exceptionnelle pour artistes peintre, concepteurs, illustrateurs et fins \u00e9ducatifs.<br \/>\nPeinture avec haut pouvoir colorant gr\u00e2ce \u00e0 une pigmentation \u00e9lev\u00e9e.<br \/>\nS\u00e9chage en quelques minutes de mani\u00e8re \u00e9gale, velout\u00e9e, matte et opaque.<\/p>\n","protected":false},"featured_media":5326,"template":"","meta":{"_vp_format_video_url":"","_vp_image_focal_point":[]},"product_cat":[63,145,129,133,59],"product_tag":[],"_links":{"self":[{"href":"https:\/\/www.azizart.tn\/fr\/wp-json\/wp\/v2\/product\/5325"}],"collection":[{"href":"https:\/\/www.azizart.tn\/fr\/wp-json\/wp\/v2\/product"}],"about":[{"href":"https:\/\/www.azizart.tn\/fr\/wp-json\/wp\/v2\/types\/product"}],"wp:featuredmedia":[{"embeddable":true,"href":"https:\/\/www.azizart.tn\/fr\/wp-json\/wp\/v2\/media\/5326"}],"wp:attachment":[{"href":"https:\/\/www.azizart.tn\/fr\/wp-json\/wp\/v2\/media?parent=5325"}],"wp:term":[{"taxonomy":"product_cat","embeddable":true,"href":"https:\/\/www.azizart.tn\/fr\/wp-json\/wp\/v2\/product_cat?post=5325"},{"taxonomy":"product_tag","embeddable":true,"href":"https:\/\/www.azizart.tn\/fr\/wp-json\/wp\/v2\/product_tag?post=5325"}],"curies":[{"name":"wp","href":"https:\/\/api.w.org\/{rel}","templated":true}]}}