{"id":5162,"date":"2021-02-24T09:37:18","date_gmt":"2021-02-24T09:37:18","guid":{"rendered":"http:\/\/www.azizart.tn\/fr\/?post_type=product&#038;p=5162"},"modified":"2022-11-17T07:43:26","modified_gmt":"2022-11-17T07:43:26","slug":"mortier-de-structure-237ml-liquitex","status":"publish","type":"product","link":"https:\/\/www.azizart.tn\/fr\/product\/mortier-de-structure-237ml-liquitex\/","title":{"rendered":"MORTIER DE STRUCTURE 237ML LIQUITEX"},"content":{"rendered":"<p>Le mortier de structure flexible est une pr\u00e9paration opaque et mate compos\u00e9e de poudre de marbre et de polym\u00e8res en \u00e9mulsion. Il s\u00e8che plus lentement que d&#8217;autres mortiers de structure pour obtenir une structure rigide mai souple. Il s&#8217;utilise pour cr\u00e9er des textures \u00e9paisses et des formes tridimensionnelles. Son utilisation est recommand\u00e9e sur des supports subissant une flexion occasionnelle.<\/p>\n<p>Ce produit se manipule comme de l&#8217;argile et s\u00e8che en profondeur pour obtenir une surface dure comme de la pierre. Il peut \u00eatre m\u00e9lang\u00e9 aux couleurs acrylique ou peint une fois sec. C&#8217;est un excellent support pour la peinture acrylique, la peinture \u00e0 l&#8217;huile, le pastel \u00e0 l&#8217;huile, les b\u00e2tons de peinture \u00e0 l&#8217;huile, l&#8217;aquarelle, le graphite ou le pastel sec. Id\u00e9al pour les applications sculpturales, il peut \u00eatre ponc\u00e9, sculpt\u00e9 ou perfor\u00e9 une fois sec.<\/p>\n<p>Plus d&#8217;infos :<br \/>\nTexture :tr\u00e8s \u00e9pais<br \/>\nFini : mat<br \/>\nOpacit\u00e9 : opaque<br \/>\nPoids : 420gr<\/p>\n","protected":false},"excerpt":{"rendered":"<p>Le mortier de structure flexible est une pr\u00e9paration opaque et mate compos\u00e9e de poudre de marbre et de polym\u00e8res en \u00e9mulsion. Il s\u00e8che plus lentement que d&#8217;autres mortiers de structure pour obtenir une structure rigide mai souple. Il s&#8217;utilise pour cr\u00e9er des textures \u00e9paisses et des formes tridimensionnelles. Son utilisation est recommand\u00e9e sur des supports subissant une flexion occasionnelle.<\/p>\n<p>Ce produit se manipule comme de l&#8217;argile et s\u00e8che en profondeur pour obtenir une surface dure comme de la pierre. Il peut \u00eatre m\u00e9lang\u00e9 aux couleurs acrylique ou peint une fois sec. C&#8217;est un excellent support pour la peinture acrylique, la peinture \u00e0 l&#8217;huile, le pastel \u00e0 l&#8217;huile, les b\u00e2tons de peinture \u00e0 l&#8217;huile, l&#8217;aquarelle, le graphite ou le pastel sec. Id\u00e9al pour les applications sculpturales, il peut \u00eatre ponc\u00e9, sculpt\u00e9 ou perfor\u00e9 une fois sec.<\/p>\n<p>Plus d&#8217;infos :<br \/>\nTexture :tr\u00e8s \u00e9pais<br \/>\nFini : mat<br \/>\nOpacit\u00e9 : opaque<br \/>\nPoids : 420gr<\/p>\n","protected":false},"featured_media":5998,"template":"","meta":{"_vp_format_video_url":"","_vp_image_focal_point":[]},"product_cat":[108,67,59],"product_tag":[],"_links":{"self":[{"href":"https:\/\/www.azizart.tn\/fr\/wp-json\/wp\/v2\/product\/5162"}],"collection":[{"href":"https:\/\/www.azizart.tn\/fr\/wp-json\/wp\/v2\/product"}],"about":[{"href":"https:\/\/www.azizart.tn\/fr\/wp-json\/wp\/v2\/types\/product"}],"wp:featuredmedia":[{"embeddable":true,"href":"https:\/\/www.azizart.tn\/fr\/wp-json\/wp\/v2\/media\/5998"}],"wp:attachment":[{"href":"https:\/\/www.azizart.tn\/fr\/wp-json\/wp\/v2\/media?parent=5162"}],"wp:term":[{"taxonomy":"product_cat","embeddable":true,"href":"https:\/\/www.azizart.tn\/fr\/wp-json\/wp\/v2\/product_cat?post=5162"},{"taxonomy":"product_tag","embeddable":true,"href":"https:\/\/www.azizart.tn\/fr\/wp-json\/wp\/v2\/product_tag?post=5162"}],"curies":[{"name":"wp","href":"https:\/\/api.w.org\/{rel}","templated":true}]}}