{"id":4985,"date":"2020-12-28T14:45:24","date_gmt":"2020-12-28T14:45:24","guid":{"rendered":"http:\/\/www.azizart.tn\/fr\/?post_type=product&#038;p=4985"},"modified":"2024-09-11T15:53:18","modified_gmt":"2024-09-11T15:53:18","slug":"pate-autodurcissante-das-2","status":"publish","type":"product","link":"https:\/\/www.azizart.tn\/fr\/product\/pate-autodurcissante-das-2\/","title":{"rendered":"PATE AUTODURCISSANTE DAS 1KG"},"content":{"rendered":"<p>Cette p\u00e2te \u00e0 modeler DAS autodurcissant est adapt\u00e9e pour la r\u00e9alisation d&#8217;objets solides et r\u00e9sistants. Sa texture facile \u00e0 travailler vous permettra de l&#8217;appliquer sur le bois, le m\u00e9tal, le verre, la terre cuite, le carton&#8230;<br \/>\nLes morceaux humidifi\u00e9s se soudent entre eux sans ajout de colle. D\u00e9corez cette p\u00e2te \u00e0 modeler durcissante avec de la peinture \u00e0 l&#8217;eau, du vernis&#8230;il vous est possible de rajouter des incrustations, des gravures selon vos envies.<br \/>\nPour conserver longtemps votre p\u00e2te autodurcissante DAS, placer les morceaux inutilis\u00e9s dans un sachet plastique ou dans un r\u00e9cipient herm\u00e9tique.<br \/>\nDisponible en blanc et couleur terre<br \/>\nPoid: 250g, 500g et 1kg<\/p>\n","protected":false},"excerpt":{"rendered":"<p>Cette p\u00e2te \u00e0 modeler DAS autodurcissant est adapt\u00e9e pour la r\u00e9alisation d&#8217;objets solides et r\u00e9sistants. Sa texture facile \u00e0 travailler vous permettra de l&#8217;appliquer sur le bois, le m\u00e9tal, le verre, la terre cuite, le carton&#8230;<br \/>\nLes morceaux humidifi\u00e9s se soudent entre eux sans ajout de colle. D\u00e9corez cette p\u00e2te \u00e0 modeler durcissante avec de la peinture \u00e0 l&#8217;eau, du vernis&#8230;il vous est possible de rajouter des incrustations, des gravures selon vos envies.<br \/>\nPour conserver longtemps votre p\u00e2te autodurcissante DAS, placer les morceaux inutilis\u00e9s dans un sachet plastique ou dans un r\u00e9cipient herm\u00e9tique.<br \/>\nDisponible en blanc et couleur terre<br \/>\nPoid: 250g, 500gr et 1kg<\/p>\n","protected":false},"featured_media":4987,"template":"","meta":{"_vp_format_video_url":"","_vp_image_focal_point":[]},"product_cat":[115,101],"product_tag":[],"_links":{"self":[{"href":"https:\/\/www.azizart.tn\/fr\/wp-json\/wp\/v2\/product\/4985"}],"collection":[{"href":"https:\/\/www.azizart.tn\/fr\/wp-json\/wp\/v2\/product"}],"about":[{"href":"https:\/\/www.azizart.tn\/fr\/wp-json\/wp\/v2\/types\/product"}],"wp:featuredmedia":[{"embeddable":true,"href":"https:\/\/www.azizart.tn\/fr\/wp-json\/wp\/v2\/media\/4987"}],"wp:attachment":[{"href":"https:\/\/www.azizart.tn\/fr\/wp-json\/wp\/v2\/media?parent=4985"}],"wp:term":[{"taxonomy":"product_cat","embeddable":true,"href":"https:\/\/www.azizart.tn\/fr\/wp-json\/wp\/v2\/product_cat?post=4985"},{"taxonomy":"product_tag","embeddable":true,"href":"https:\/\/www.azizart.tn\/fr\/wp-json\/wp\/v2\/product_tag?post=4985"}],"curies":[{"name":"wp","href":"https:\/\/api.w.org\/{rel}","templated":true}]}}