{"id":4965,"date":"2020-12-28T14:12:25","date_gmt":"2020-12-28T14:12:25","guid":{"rendered":"http:\/\/www.azizart.tn\/fr\/?post_type=product&#038;p=4965"},"modified":"2022-11-23T08:49:18","modified_gmt":"2022-11-23T08:49:18","slug":"crayons-aquarallable-golfaber-de-36-faber-castell","status":"publish","type":"product","link":"https:\/\/www.azizart.tn\/fr\/product\/crayons-aquarallable-golfaber-de-36-faber-castell\/","title":{"rendered":"CRAYONS AQUARELLABLE GOLFABER DE 36  &#8211; FABER CASTELL"},"content":{"rendered":"<p>les crayons de couleur Goldfaber Aqua permettent une application de la couleur souple et intense et sauront vous convaincre par leurs couleurs extr\u00eanements brillantes, m\u00eame une fois humidifi\u00e9es. Toutes les techniques s\u00e8ches peuvent \u00eatre utilis\u00e9es avec ces crayons de couleur. Donnez de la vie \u00e0 vos dessins en utilisant un pinceau pour aquareller la couleur. Des mati\u00e8res premi\u00e8res de grande qualit\u00e9 ainsi qu&#8217;un proc\u00e9d\u00e9 de fabrication innovant garantiront une r\u00e9sistance \u00e0 la lumi\u00e8re optimale et une excellente r\u00e9sistance \u00e0 la lumi\u00e8re.<\/p>\n","protected":false},"excerpt":{"rendered":"<p>Crayons de couleur aquarelle, \u00e9paisseur de la mine : 3,3 mm, excellente r\u00e9sistance \u00e0 la lumi\u00e8re, application douce satur\u00e9e en couleur, fortement pigment\u00e9, mine compl\u00e8tement aquarellable \u00e0 l\u2019eau et haute r\u00e9sistance \u00e0 la casse gr\u00e2ce \u00e0 une mine enti\u00e8rement coll\u00e9e.<br \/>\nTaillage de la mine facile avec tous types de taille-crayon vendus dans le commerce.<br \/>\nAttention : Ne pas immerger les crayons dans l\u2019eau.<br \/>\n\u00c9tui en m\u00e9tal de 36 crayons<br \/>\nCouleur disponible \u00e0 l\u2019unit\u00e9 et dans diff\u00e9rents assortiments pr\u00e9sent\u00e9s dans des bo\u00eetes.<\/p>\n","protected":false},"featured_media":4966,"template":"","meta":{"_vp_format_video_url":"","_vp_image_focal_point":[]},"product_cat":[62,105,194,90,112],"product_tag":[],"_links":{"self":[{"href":"https:\/\/www.azizart.tn\/fr\/wp-json\/wp\/v2\/product\/4965"}],"collection":[{"href":"https:\/\/www.azizart.tn\/fr\/wp-json\/wp\/v2\/product"}],"about":[{"href":"https:\/\/www.azizart.tn\/fr\/wp-json\/wp\/v2\/types\/product"}],"wp:featuredmedia":[{"embeddable":true,"href":"https:\/\/www.azizart.tn\/fr\/wp-json\/wp\/v2\/media\/4966"}],"wp:attachment":[{"href":"https:\/\/www.azizart.tn\/fr\/wp-json\/wp\/v2\/media?parent=4965"}],"wp:term":[{"taxonomy":"product_cat","embeddable":true,"href":"https:\/\/www.azizart.tn\/fr\/wp-json\/wp\/v2\/product_cat?post=4965"},{"taxonomy":"product_tag","embeddable":true,"href":"https:\/\/www.azizart.tn\/fr\/wp-json\/wp\/v2\/product_tag?post=4965"}],"curies":[{"name":"wp","href":"https:\/\/api.w.org\/{rel}","templated":true}]}}