{"id":4371,"date":"2020-12-21T21:41:15","date_gmt":"2020-12-21T21:41:15","guid":{"rendered":"http:\/\/www.azizart.tn\/fr\/?post_type=product&#038;p=4371"},"modified":"2022-11-23T08:22:07","modified_gmt":"2022-11-23T08:22:07","slug":"vernis-a-tableaux-anti-uv-satine","status":"publish","type":"product","link":"https:\/\/www.azizart.tn\/fr\/product\/vernis-a-tableaux-anti-uv-satine\/","title":{"rendered":"VERNIS \u00c0 TABLEAUX ANTI-UV SATIN\u00c9 75ML"},"content":{"rendered":"<p>Souple et r\u00e9sistant, le vernis \u00e0 tableaux anti-UV permet de prot\u00e9ger la toile tout en lui apportant une finition satin\u00e9e<\/p>\n<p>Texture : Liquide | Fini : Satin\u00e9 | S\u00e9chage : Moyen<\/p>\n<p>Disponible en 75 ml | 250 ml<\/p>\n","protected":false},"excerpt":{"rendered":"<p>Souple et r\u00e9sistant, le vernis \u00e0 tableaux anti-UV permet de prot\u00e9ger la toile tout en lui apportant une finition satin\u00e9e<\/p>\n<p>Texture : Liquide | Fini : Satin\u00e9 | S\u00e9chage : Moyen<br \/>\nDisponible en 75 ml | 250 ml<\/p>\n","protected":false},"featured_media":4373,"template":"","meta":{"_vp_format_video_url":"","_vp_image_focal_point":[]},"product_cat":[108,71,166],"product_tag":[],"_links":{"self":[{"href":"https:\/\/www.azizart.tn\/fr\/wp-json\/wp\/v2\/product\/4371"}],"collection":[{"href":"https:\/\/www.azizart.tn\/fr\/wp-json\/wp\/v2\/product"}],"about":[{"href":"https:\/\/www.azizart.tn\/fr\/wp-json\/wp\/v2\/types\/product"}],"wp:featuredmedia":[{"embeddable":true,"href":"https:\/\/www.azizart.tn\/fr\/wp-json\/wp\/v2\/media\/4373"}],"wp:attachment":[{"href":"https:\/\/www.azizart.tn\/fr\/wp-json\/wp\/v2\/media?parent=4371"}],"wp:term":[{"taxonomy":"product_cat","embeddable":true,"href":"https:\/\/www.azizart.tn\/fr\/wp-json\/wp\/v2\/product_cat?post=4371"},{"taxonomy":"product_tag","embeddable":true,"href":"https:\/\/www.azizart.tn\/fr\/wp-json\/wp\/v2\/product_tag?post=4371"}],"curies":[{"name":"wp","href":"https:\/\/api.w.org\/{rel}","templated":true}]}}