{"id":4365,"date":"2020-12-21T21:35:00","date_gmt":"2020-12-21T21:35:00","guid":{"rendered":"http:\/\/www.azizart.tn\/fr\/?post_type=product&#038;p=4365"},"modified":"2022-11-23T08:22:23","modified_gmt":"2022-11-23T08:22:23","slug":"vernis-a-tableaux-j-g-vibert-anti-uv-brillant","status":"publish","type":"product","link":"https:\/\/www.azizart.tn\/fr\/product\/vernis-a-tableaux-j-g-vibert-anti-uv-brillant\/","title":{"rendered":"VERNIS \u00c0 TABLEAUX J.G. VIBERT ANTI-UV BRILLANT 250ML"},"content":{"rendered":"<p>Le vernis \u00e0 tableaux J.G. Vibert permet d\u2019ajouter \u00e0 la toile une fine couche protectrice au s\u00e9chage rapide<\/p>\n<p>Texture : Liquide | Fini : Brillant | S\u00e9chage : Mod\u00e9r\u00e9<\/p>\n<p>75 ml | 250 ml | 1 L<\/p>\n","protected":false},"excerpt":{"rendered":"<p>Le vernis \u00e0 tableaux J.G. Vibert permet d\u2019ajouter \u00e0 la toile une fine couche protectrice au s\u00e9chage rapide<\/p>\n<p>Texture : Liquide | Fini : Brillant | S\u00e9chage : Mod\u00e9r\u00e9<\/p>\n<p>75 ml | 250 ml | 1 L<\/p>\n","protected":false},"featured_media":5509,"template":"","meta":{"_vp_format_video_url":"","_vp_image_focal_point":[]},"product_cat":[108,71,166],"product_tag":[],"_links":{"self":[{"href":"https:\/\/www.azizart.tn\/fr\/wp-json\/wp\/v2\/product\/4365"}],"collection":[{"href":"https:\/\/www.azizart.tn\/fr\/wp-json\/wp\/v2\/product"}],"about":[{"href":"https:\/\/www.azizart.tn\/fr\/wp-json\/wp\/v2\/types\/product"}],"wp:featuredmedia":[{"embeddable":true,"href":"https:\/\/www.azizart.tn\/fr\/wp-json\/wp\/v2\/media\/5509"}],"wp:attachment":[{"href":"https:\/\/www.azizart.tn\/fr\/wp-json\/wp\/v2\/media?parent=4365"}],"wp:term":[{"taxonomy":"product_cat","embeddable":true,"href":"https:\/\/www.azizart.tn\/fr\/wp-json\/wp\/v2\/product_cat?post=4365"},{"taxonomy":"product_tag","embeddable":true,"href":"https:\/\/www.azizart.tn\/fr\/wp-json\/wp\/v2\/product_tag?post=4365"}],"curies":[{"name":"wp","href":"https:\/\/api.w.org\/{rel}","templated":true}]}}