{"id":4360,"date":"2020-12-21T21:31:52","date_gmt":"2020-12-21T21:31:52","guid":{"rendered":"http:\/\/www.azizart.tn\/fr\/?post_type=product&#038;p=4360"},"modified":"2022-11-23T08:22:47","modified_gmt":"2022-11-23T08:22:47","slug":"siccatif-de-coutrai-blanc-75ml-lefranc-bourgeois","status":"publish","type":"product","link":"https:\/\/www.azizart.tn\/fr\/product\/siccatif-de-coutrai-blanc-75ml-lefranc-bourgeois\/","title":{"rendered":"SICCATIF DE COUTRAI BLANC 250ML -LEFRANC &amp; BOURGEOIS"},"content":{"rendered":"<p>Quelques gouttes de siccatif de Courtrai blanc aident \u00e0 la siccativation de la couleur \u00e0 l\u2019huile<\/p>\n<p>le siccatif de Courtrai met l&#8217;huile &#8220;en hyperventilation&#8221; pour r\u00e9clamer plus d&#8217;oxyg\u00e8ne et acc\u00e9l\u00e8re ainsi le durcissement des couches picturales.<\/p>\n","protected":false},"excerpt":{"rendered":"<p>Quelques gouttes de siccatif de Courtrai blanc aident \u00e0 la siccativation de la couleur \u00e0 l\u2019huile<\/p>\n<p>le siccatif de Courtrai met l&#8217;huile &#8220;en hyperventilation&#8221; pour r\u00e9clamer plus d&#8217;oxyg\u00e8ne et acc\u00e9l\u00e8re ainsi le durcissement des couches picturales.<\/p>\n","protected":false},"featured_media":6053,"template":"","meta":{"_vp_format_video_url":"","_vp_image_focal_point":[]},"product_cat":[108,66,164],"product_tag":[],"_links":{"self":[{"href":"https:\/\/www.azizart.tn\/fr\/wp-json\/wp\/v2\/product\/4360"}],"collection":[{"href":"https:\/\/www.azizart.tn\/fr\/wp-json\/wp\/v2\/product"}],"about":[{"href":"https:\/\/www.azizart.tn\/fr\/wp-json\/wp\/v2\/types\/product"}],"wp:featuredmedia":[{"embeddable":true,"href":"https:\/\/www.azizart.tn\/fr\/wp-json\/wp\/v2\/media\/6053"}],"wp:attachment":[{"href":"https:\/\/www.azizart.tn\/fr\/wp-json\/wp\/v2\/media?parent=4360"}],"wp:term":[{"taxonomy":"product_cat","embeddable":true,"href":"https:\/\/www.azizart.tn\/fr\/wp-json\/wp\/v2\/product_cat?post=4360"},{"taxonomy":"product_tag","embeddable":true,"href":"https:\/\/www.azizart.tn\/fr\/wp-json\/wp\/v2\/product_tag?post=4360"}],"curies":[{"name":"wp","href":"https:\/\/api.w.org\/{rel}","templated":true}]}}