{"id":4347,"date":"2020-12-21T20:58:03","date_gmt":"2020-12-21T20:58:03","guid":{"rendered":"http:\/\/www.azizart.tn\/fr\/?post_type=product&#038;p=4347"},"modified":"2022-11-23T08:23:49","modified_gmt":"2022-11-23T08:23:49","slug":"medium-alkyde-qualite-beaux-arts-satine-75ml","status":"publish","type":"product","link":"https:\/\/www.azizart.tn\/fr\/product\/medium-alkyde-qualite-beaux-arts-satine-75ml\/","title":{"rendered":"MEDIUM ALKYDE QUALITE BEAUX-ARTS SATINE  75ML"},"content":{"rendered":"<p>Le m\u00e9dium alkyde fluidifie l\u2019huile, lui apporte un aspect laqu\u00e9 uniforme, et augmente la luminosit\u00e9. Il augmente \u00e9galement la prise \u00e0 c\u0153ur de l\u2019huile<\/p>\n<p>Le m\u00e9dium alkyde apporte \u00e0 l&#8217;huile un aspect laqu\u00e9 uniforme, et augmente la luminosit\u00e9. Il augmente \u00e9galement la prise \u00e0 c\u0153ur de l&#8217;huile. Son utilisation est recommand\u00e9e pour la technique du &#8220;clair-obscur&#8221;. En jouant sur la modulation de la lumi\u00e8re il pourra \u00eatre associ\u00e9 aux couleurs pour un travail de fond pr\u00e9paratoire dit &#8220;imprimatura&#8221;.<\/p>\n","protected":false},"excerpt":{"rendered":"<p>Le m\u00e9dium alkyde fluidifie l\u2019huile, lui apporte un aspect laqu\u00e9 uniforme, et augmente la luminosit\u00e9. Il augmente \u00e9galement la prise \u00e0 c\u0153ur de l\u2019huile<\/p>\n<p>Le m\u00e9dium alkyde apporte \u00e0 l&#8217;huile un aspect laqu\u00e9 uniforme, et augmente la luminosit\u00e9. Il augmente \u00e9galement la prise \u00e0 c\u0153ur de l&#8217;huile. Son utilisation est recommand\u00e9e pour la technique du &#8220;clair-obscur&#8221;. En jouant sur la modulation de la lumi\u00e8re il pourra \u00eatre associ\u00e9 aux couleurs pour un travail de fond pr\u00e9paratoire dit &#8220;imprimatura&#8221;.<\/p>\n","protected":false},"featured_media":4348,"template":"","meta":{"_vp_format_video_url":"","_vp_image_focal_point":[]},"product_cat":[108,66,164],"product_tag":[],"_links":{"self":[{"href":"https:\/\/www.azizart.tn\/fr\/wp-json\/wp\/v2\/product\/4347"}],"collection":[{"href":"https:\/\/www.azizart.tn\/fr\/wp-json\/wp\/v2\/product"}],"about":[{"href":"https:\/\/www.azizart.tn\/fr\/wp-json\/wp\/v2\/types\/product"}],"wp:featuredmedia":[{"embeddable":true,"href":"https:\/\/www.azizart.tn\/fr\/wp-json\/wp\/v2\/media\/4348"}],"wp:attachment":[{"href":"https:\/\/www.azizart.tn\/fr\/wp-json\/wp\/v2\/media?parent=4347"}],"wp:term":[{"taxonomy":"product_cat","embeddable":true,"href":"https:\/\/www.azizart.tn\/fr\/wp-json\/wp\/v2\/product_cat?post=4347"},{"taxonomy":"product_tag","embeddable":true,"href":"https:\/\/www.azizart.tn\/fr\/wp-json\/wp\/v2\/product_tag?post=4347"}],"curies":[{"name":"wp","href":"https:\/\/api.w.org\/{rel}","templated":true}]}}