{"id":4340,"date":"2020-12-21T20:53:14","date_gmt":"2020-12-21T20:53:14","guid":{"rendered":"http:\/\/www.azizart.tn\/fr\/?post_type=product&#038;p=4340"},"modified":"2022-11-23T07:55:00","modified_gmt":"2022-11-23T07:55:00","slug":"huile-doeillette-brillant-75ml-lefranc-bourgeois","status":"publish","type":"product","link":"https:\/\/www.azizart.tn\/fr\/product\/huile-doeillette-brillant-75ml-lefranc-bourgeois\/","title":{"rendered":"HUILE D\u2019\u0152ILLETTE BRILLANT 75ML LEFRANC &#038; BOURGEOIS"},"content":{"rendered":"<p>L\u2019huile d\u2019\u0153illette est id\u00e9ale pour fabriquer son propre m\u00e9dium \u00e0 peindre. Non jaunissante, elle se combine parfaitement avec les couleurs claires et permet de ralentir fortement la siccativation<br \/>\n<em><br \/>\nTexture :<\/em>\u00a0<strong>Liquide<\/strong>\u00a0|\u00a0<em>Fini :<\/em>\u00a0<strong>Brillant<\/strong>\u00a0|\u00a0<em>S\u00e9chage :<\/em>\u00a0<strong>Tr\u00e8s Lent<\/strong><\/p>\n","protected":false},"excerpt":{"rendered":"<p>L\u2019huile d\u2019\u0153illette est id\u00e9ale pour fabriquer son propre m\u00e9dium \u00e0 peindre. Non jaunissante, elle se combine parfaitement avec les couleurs claires et permet de ralentir fortement la siccativation<br \/>\n<em><br \/>\nTexture :<\/em>\u00a0<strong>Liquide<\/strong>\u00a0|\u00a0<em>Fini :<\/em>\u00a0<strong>Brillant<\/strong>\u00a0|\u00a0<em>S\u00e9chage :<\/em>\u00a0<strong>Tr\u00e8s Lent<\/strong><\/p>\n","protected":false},"featured_media":4342,"template":"","meta":{"_vp_format_video_url":"","_vp_image_focal_point":[]},"product_cat":[108,66,164],"product_tag":[],"_links":{"self":[{"href":"https:\/\/www.azizart.tn\/fr\/wp-json\/wp\/v2\/product\/4340"}],"collection":[{"href":"https:\/\/www.azizart.tn\/fr\/wp-json\/wp\/v2\/product"}],"about":[{"href":"https:\/\/www.azizart.tn\/fr\/wp-json\/wp\/v2\/types\/product"}],"wp:featuredmedia":[{"embeddable":true,"href":"https:\/\/www.azizart.tn\/fr\/wp-json\/wp\/v2\/media\/4342"}],"wp:attachment":[{"href":"https:\/\/www.azizart.tn\/fr\/wp-json\/wp\/v2\/media?parent=4340"}],"wp:term":[{"taxonomy":"product_cat","embeddable":true,"href":"https:\/\/www.azizart.tn\/fr\/wp-json\/wp\/v2\/product_cat?post=4340"},{"taxonomy":"product_tag","embeddable":true,"href":"https:\/\/www.azizart.tn\/fr\/wp-json\/wp\/v2\/product_tag?post=4340"}],"curies":[{"name":"wp","href":"https:\/\/api.w.org\/{rel}","templated":true}]}}