{"id":4336,"date":"2020-12-21T20:45:13","date_gmt":"2020-12-21T20:45:13","guid":{"rendered":"http:\/\/www.azizart.tn\/fr\/?post_type=product&#038;p=4336"},"modified":"2022-11-23T07:55:29","modified_gmt":"2022-11-23T07:55:29","slug":"essence-de-petrole-sans-odeur-lefranc-bourgeois","status":"publish","type":"product","link":"https:\/\/www.azizart.tn\/fr\/product\/essence-de-petrole-sans-odeur-lefranc-bourgeois\/","title":{"rendered":"ESSENCE MINERALE SANS ODEUR  75ML LEFRANC BOURGEOIS"},"content":{"rendered":"<p>Essence min\u00e9rale sans odeur &#8211; Lefranc Bourgeois L&#8217;essence min\u00e9rale sans odeur aide \u00e0 fluidifier huiles et m\u00e9diums ainsi que nettoyer les applicateurs&#8230;<\/p>\n<p>Disponible en<\/p>\n","protected":false},"excerpt":{"rendered":"<p>Essence min\u00e9rale sans odeur &#8211; Lefranc Bourgeois L&#8217;essence min\u00e9rale sans odeur aide \u00e0 fluidifier huiles et m\u00e9diums ainsi que nettoyer les applicateurs&#8230;<\/p>\n<p>Disponible en 75ML\/250ML<\/p>\n","protected":false},"featured_media":5399,"template":"","meta":{"_vp_format_video_url":"","_vp_image_focal_point":[]},"product_cat":[108,66,164],"product_tag":[],"_links":{"self":[{"href":"https:\/\/www.azizart.tn\/fr\/wp-json\/wp\/v2\/product\/4336"}],"collection":[{"href":"https:\/\/www.azizart.tn\/fr\/wp-json\/wp\/v2\/product"}],"about":[{"href":"https:\/\/www.azizart.tn\/fr\/wp-json\/wp\/v2\/types\/product"}],"wp:featuredmedia":[{"embeddable":true,"href":"https:\/\/www.azizart.tn\/fr\/wp-json\/wp\/v2\/media\/5399"}],"wp:attachment":[{"href":"https:\/\/www.azizart.tn\/fr\/wp-json\/wp\/v2\/media?parent=4336"}],"wp:term":[{"taxonomy":"product_cat","embeddable":true,"href":"https:\/\/www.azizart.tn\/fr\/wp-json\/wp\/v2\/product_cat?post=4336"},{"taxonomy":"product_tag","embeddable":true,"href":"https:\/\/www.azizart.tn\/fr\/wp-json\/wp\/v2\/product_tag?post=4336"}],"curies":[{"name":"wp","href":"https:\/\/api.w.org\/{rel}","templated":true}]}}