{"id":4333,"date":"2020-12-21T20:42:24","date_gmt":"2020-12-21T20:42:24","guid":{"rendered":"http:\/\/www.azizart.tn\/fr\/?post_type=product&#038;p=4333"},"modified":"2022-11-23T08:25:07","modified_gmt":"2022-11-23T08:25:07","slug":"essence-de-petrole-minrale-white-spirit-lefranc-bourgeois","status":"publish","type":"product","link":"https:\/\/www.azizart.tn\/fr\/product\/essence-de-petrole-minrale-white-spirit-lefranc-bourgeois\/","title":{"rendered":"ESSENCE DE PETROLE MINRALE (WHITE SPIRIT) LEFRANC &#038; BOURGEOIS"},"content":{"rendered":"<p>L\u2019essence de p\u00e9trole min\u00e9rale aide \u00e0 fluidifier huiles et m\u00e9diums et \u00e0 nettoyer les applicateurs. Sa qualit\u00e9 \u00ab beaux-arts \u00bb permet une \u00e9vaporation rapide<\/p>\n<p>Texture : Liquide | Fini : Neutre | S\u00e9chage : Rapide<\/p>\n<p>75 ml | 250 ml | 1 L<\/p>\n","protected":false},"excerpt":{"rendered":"<p>L\u2019essence de p\u00e9trole min\u00e9rale aide \u00e0 fluidifier huiles et m\u00e9diums et \u00e0 nettoyer les applicateurs. Sa qualit\u00e9 \u00ab beaux-arts \u00bb permet une \u00e9vaporation rapide<\/p>\n<p>Texture : Liquide | Fini : Neutre | S\u00e9chage : Rapide<\/p>\n<p>75 ml | 250 ml | 1 L<\/p>\n","protected":false},"featured_media":4334,"template":"","meta":{"_vp_format_video_url":"","_vp_image_focal_point":[]},"product_cat":[108,66,164,99],"product_tag":[],"_links":{"self":[{"href":"https:\/\/www.azizart.tn\/fr\/wp-json\/wp\/v2\/product\/4333"}],"collection":[{"href":"https:\/\/www.azizart.tn\/fr\/wp-json\/wp\/v2\/product"}],"about":[{"href":"https:\/\/www.azizart.tn\/fr\/wp-json\/wp\/v2\/types\/product"}],"wp:featuredmedia":[{"embeddable":true,"href":"https:\/\/www.azizart.tn\/fr\/wp-json\/wp\/v2\/media\/4334"}],"wp:attachment":[{"href":"https:\/\/www.azizart.tn\/fr\/wp-json\/wp\/v2\/media?parent=4333"}],"wp:term":[{"taxonomy":"product_cat","embeddable":true,"href":"https:\/\/www.azizart.tn\/fr\/wp-json\/wp\/v2\/product_cat?post=4333"},{"taxonomy":"product_tag","embeddable":true,"href":"https:\/\/www.azizart.tn\/fr\/wp-json\/wp\/v2\/product_tag?post=4333"}],"curies":[{"name":"wp","href":"https:\/\/api.w.org\/{rel}","templated":true}]}}