{"id":1645,"date":"2018-10-03T11:02:28","date_gmt":"2018-10-03T11:02:28","guid":{"rendered":"http:\/\/wp.vlthemes.com\/leedo\/?post_type=product&#038;p=1645"},"modified":"2023-01-13T12:14:26","modified_gmt":"2023-01-13T12:14:26","slug":"aquarelle-aquafine-24-%c2%bd-godets-daller-rowney","status":"publish","type":"product","link":"https:\/\/www.azizart.tn\/fr\/product\/aquarelle-aquafine-24-%c2%bd-godets-daller-rowney\/","title":{"rendered":"Aquarelle en tube Simply &#8211; 12X12 ml Daller Rowney"},"content":{"rendered":"<p>Daler-Rowney est reconnu comme \u00e9tant l&#8217;un des premiers fournisseurs de mat\u00e9riel pour les beaux-arts dans le monde<br \/>\nContient 12 tubes de 12 ml<br \/>\nLes produits Daler-Rowney ont une influence sur la vie des artistes \u00e0 chaque \u00e9tape de leur voyage artistique, allant des premiers dessins d&#8217;enfance aux toiles abstraites d\u00e9corant les murs. Nous tentons d&#8217;inspirer les artistes de tous \u00e2ges et d&#8217;ouvrir de nouvelles opportunit\u00e9s pour leurs besoins cr\u00e9atifs. Daler-Rowney est reconnu comme \u00e9tant l&#8217;un des premiers fournisseur de mat\u00e9riel pour les beaux-arts et la gamme Simply est con\u00e7ue pour le segment florissant de l&#8217;entr\u00e9e de gamme, et convient \u00e0 tout le monde, en allant de l&#8217;utilisation personnelle aux \u00e9tudiants, ainsi qu&#8217;aux d\u00e9butants.<br \/>\nAge minimum : 3 ans<\/p>\n","protected":false},"excerpt":{"rendered":"<p>Daler-Rowney est reconnu comme \u00e9tant l&#8217;un des premiers fournisseurs de mat\u00e9riel pour les beaux-arts dans le monde<br \/>\nContient 12 tubes de 12 ml<br \/>\nLes produits Daler-Rowney ont une influence sur la vie des artistes \u00e0 chaque \u00e9tape de leur voyage artistique, allant des premiers dessins d&#8217;enfance aux toiles abstraites d\u00e9corant les murs. Nous tentons d&#8217;inspirer les artistes de tous \u00e2ges et d&#8217;ouvrir de nouvelles opportunit\u00e9s pour leurs besoins cr\u00e9atifs. Daler-Rowney est reconnu comme \u00e9tant l&#8217;un des premiers fournisseur de mat\u00e9riel pour les beaux-arts et la gamme Simply est con\u00e7ue pour le segment florissant de l&#8217;entr\u00e9e de gamme, et convient \u00e0 tout le monde, en allant de l&#8217;utilisation personnelle aux \u00e9tudiants, ainsi qu&#8217;aux d\u00e9butants.<br \/>\nAge minimum : 3 ans<\/p>\n","protected":false},"featured_media":5977,"template":"","meta":{"_vp_format_video_url":"","_vp_image_focal_point":[]},"product_cat":[62,143,129,132,59],"product_tag":[35,46],"_links":{"self":[{"href":"https:\/\/www.azizart.tn\/fr\/wp-json\/wp\/v2\/product\/1645"}],"collection":[{"href":"https:\/\/www.azizart.tn\/fr\/wp-json\/wp\/v2\/product"}],"about":[{"href":"https:\/\/www.azizart.tn\/fr\/wp-json\/wp\/v2\/types\/product"}],"wp:featuredmedia":[{"embeddable":true,"href":"https:\/\/www.azizart.tn\/fr\/wp-json\/wp\/v2\/media\/5977"}],"wp:attachment":[{"href":"https:\/\/www.azizart.tn\/fr\/wp-json\/wp\/v2\/media?parent=1645"}],"wp:term":[{"taxonomy":"product_cat","embeddable":true,"href":"https:\/\/www.azizart.tn\/fr\/wp-json\/wp\/v2\/product_cat?post=1645"},{"taxonomy":"product_tag","embeddable":true,"href":"https:\/\/www.azizart.tn\/fr\/wp-json\/wp\/v2\/product_tag?post=1645"}],"curies":[{"name":"wp","href":"https:\/\/api.w.org\/{rel}","templated":true}]}}