{"id":6931,"date":"2022-11-24T14:39:49","date_gmt":"2022-11-24T14:39:49","guid":{"rendered":"https:\/\/www.azizart.tn\/fr\/?page_id=6931"},"modified":"2022-11-25T08:12:59","modified_gmt":"2022-11-25T08:12:59","slug":"connexion","status":"publish","type":"page","link":"https:\/\/www.azizart.tn\/fr\/connexion\/","title":{"rendered":"Connexion"},"content":{"rendered":"<p>[vc_row full_width=&#8221;stretch_row_content_no_spaces&#8221; awb_type=&#8221;image&#8221; awb_image_background_position=&#8221;50% 50%&#8221; bg_type=&#8221;image&#8221; parallax_style=&#8221;vcpb-default&#8221; bg_image_new=&#8221;id^3581|url^https:\/\/www.azizart.tn\/fr\/wp-content\/uploads\/2020\/12\/3-AzizArt-Nos-Produits.jpg|caption^null|alt^null|title^3-AzizArt-Nos-Produits|description^null&#8221; awb_image=&#8221;4179&#8243;][vc_column][vc_empty_space height=&#8221;45px&#8221;][vc_column_text css_animation=&#8221;fadeInRight&#8221;]<\/p>\n<div align=\"center\">\n<h2>Connexion<\/h2>\n<\/div>\n<p>[\/vc_column_text][vc_empty_space height=&#8221;25px&#8221;][\/vc_column][\/vc_row][vc_row][vc_column][vc_empty_space height=&#8221;45px&#8221;][vc_column_text]<div class=\"woocommerce\"><\/div>[\/vc_column_text][vc_empty_space height=&#8221;45px&#8221;][\/vc_column][\/vc_row][vc_row full_width=&#8221;stretch_row_content_no_spaces&#8221; css=&#8221;.vc_custom_1608209112411{background-color: #c6764f !important;}&#8221;][vc_column][vc_empty_space height=&#8221;45px&#8221;][vc_wp_text]<\/p>\n<p style=\"color: #ffffff; text-align: center;\">Adresse : 09, Rue 20 Mars 1956 &#8211; La Marsa 2070 Tunisie<br \/>\nBoutique : (+216) 24 235 630<br \/>\nResponsable Commercial : (+216) 21 243 604<br \/>\nEmail: contact@azizart.tn | devis@azizart.tn | commercial@azizart.tn<br \/>\n<a href=\"https:\/\/www.azizart.tn\/fr\/qui-sommes-nous\/\">Qui Sommes-Nous ?<\/a><\/p>\n<p style=\"color: #ffffff; text-align: center;\">Copyright \u00a9 2022 Tous droits r\u00e9serv\u00e9s. Site Web r\u00e9alis\u00e9 par <a href=\"https:\/\/www.digipower.tn\/\">DIGI POWER<\/a><\/p>\n<p>[\/vc_wp_text][\/vc_column][\/vc_row]<\/p>\n","protected":false},"excerpt":{"rendered":"<p>[vc_row full_width=&#8221;stretch_row_content_no_spaces&#8221; awb_type=&#8221;image&#8221; awb_image_background_position=&#8221;50% 50%&#8221; bg_type=&#8221;image&#8221; parallax_style=&#8221;vcpb-default&#8221; bg_image_new=&#8221;id^3581|url^https:\/\/www.azizart.tn\/fr\/wp-content\/uploads\/2020\/12\/3-AzizArt-Nos-Produits.jpg|caption^null|alt^null|title^3-AzizArt-Nos-Produits|description^null&#8221; awb_image=&#8221;4179&#8243;][vc_column][vc_empty_space height=&#8221;45px&#8221;][vc_column_text css_animation=&#8221;fadeInRight&#8221;] Connexion [\/vc_column_text][vc_empty_space height=&#8221;25px&#8221;][\/vc_column][\/vc_row][vc_row][vc_column][vc_empty_space height=&#8221;45px&#8221;][vc_column_text][\/vc_column_text][vc_empty_space height=&#8221;45px&#8221;][\/vc_column][\/vc_row][vc_row full_width=&#8221;stretch_row_content_no_spaces&#8221; css=&#8221;.vc_custom_1608209112411{background-color: #c6764f !important;}&#8221;][vc_column][vc_empty_space height=&#8221;45px&#8221;][vc_wp_text] Adresse : 09, Rue 20 Mars 1956 &#8211; La Marsa 2070 Tunisie Boutique : (+216) 24 235 630 Responsable Commercial : (+216) 21 243 604 Email: contact@azizart.tn | devis@azizart.tn | commercial@azizart.tn Qui Sommes-Nous ? [&hellip;]<\/p>\n","protected":false},"author":1,"featured_media":3406,"parent":0,"menu_order":0,"comment_status":"closed","ping_status":"closed","template":"template-custom-page.php","meta":{"_vp_format_video_url":"","_vp_image_focal_point":[]},"_links":{"self":[{"href":"https:\/\/www.azizart.tn\/fr\/wp-json\/wp\/v2\/pages\/6931"}],"collection":[{"href":"https:\/\/www.azizart.tn\/fr\/wp-json\/wp\/v2\/pages"}],"about":[{"href":"https:\/\/www.azizart.tn\/fr\/wp-json\/wp\/v2\/types\/page"}],"author":[{"embeddable":true,"href":"https:\/\/www.azizart.tn\/fr\/wp-json\/wp\/v2\/users\/1"}],"replies":[{"embeddable":true,"href":"https:\/\/www.azizart.tn\/fr\/wp-json\/wp\/v2\/comments?post=6931"}],"version-history":[{"count":0,"href":"https:\/\/www.azizart.tn\/fr\/wp-json\/wp\/v2\/pages\/6931\/revisions"}],"wp:featuredmedia":[{"embeddable":true,"href":"https:\/\/www.azizart.tn\/fr\/wp-json\/wp\/v2\/media\/3406"}],"wp:attachment":[{"href":"https:\/\/www.azizart.tn\/fr\/wp-json\/wp\/v2\/media?parent=6931"}],"curies":[{"name":"wp","href":"https:\/\/api.w.org\/{rel}","templated":true}]}}