{"id":6295,"date":"2022-11-21T07:30:48","date_gmt":"2022-11-21T07:30:48","guid":{"rendered":"https:\/\/www.azizart.tn\/fr\/?page_id=6295"},"modified":"2022-12-22T13:42:30","modified_gmt":"2022-12-22T13:42:30","slug":"peinture-textile-par-unite","status":"publish","type":"page","link":"https:\/\/www.azizart.tn\/fr\/peinture-textile-par-unite\/","title":{"rendered":"Peinture textile par unit\u00e9"},"content":{"rendered":"<p>[vc_row full_width=&#8221;stretch_row_content_no_spaces&#8221; awb_type=&#8221;image&#8221; awb_image_background_position=&#8221;50% 50%&#8221; bg_type=&#8221;image&#8221; parallax_style=&#8221;vcpb-default&#8221; bg_image_new=&#8221;id^3581|url^https:\/\/www.azizart.tn\/fr\/wp-content\/uploads\/2020\/12\/3-AzizArt-Nos-Produits.jpg|caption^null|alt^null|title^3-AzizArt-Nos-Produits|description^null&#8221; awb_image=&#8221;4179&#8243;][vc_column][vc_empty_space height=&#8221;45px&#8221;][vc_column_text css_animation=&#8221;fadeInRight&#8221;]<\/p>\n<div align=\"center\">\n<h2>Peinture textil par unit\u00e9<\/h2>\n<\/div>\n<p>[\/vc_column_text][vc_empty_space height=&#8221;25px&#8221;][\/vc_column][\/vc_row][vc_row][vc_column width=&#8221;1\/4&#8243;][vc_widget_sidebar sidebar_id=&#8221;shop_sidebar&#8221;][\/vc_column][vc_column width=&#8221;3\/4&#8243;][vc_empty_space]<div class=\"woocommerce columns-4 \">\n<div class=\"vlt-products-list clearfix vlt-products-list--paged_pagination\">\n\t<div class=\"masonry clearfix\" data-masonry-col=\"4\">\n\t\t<div class=\"gutter-sizer\"><\/div>\n\t\t<div class=\"grid-sizer\"><\/div>\n<div class=\"grid-item product type-product post-4898 status-publish first instock product_cat-loisirs-creatifs product_cat-pebeo product_cat-peinture product_cat-peinture-textil-par-unite product_cat-peintures-textil product_cat-textil-soie has-post-thumbnail shipping-taxable purchasable product-type-variable\">\n\n\t<article class=\"vlt-product vlt-product--style-1 post-4898 product type-product status-publish has-post-thumbnail hentry product_cat-loisirs-creatifs product_cat-pebeo product_cat-peinture product_cat-peinture-textil-par-unite product_cat-peintures-textil product_cat-textil-soie\">\n\n\t\t<div class=\"vlt-product-thumbnail clearfix\">\n\n\t\t\t<a href=\"https:\/\/www.azizart.tn\/fr\/product\/gutta-pebeo\/\" class=\"woocommerce-LoopProduct-link woocommerce-loop-product__link\"><\/a>\n\t\t\t<div class=\"vlt-add-to-cart-wrapper\">\n\t\t\t\t<div class=\"vlt-add-to-cart-button vlt-display-1\">\n\t\t\t\t\t<a href=\"https:\/\/www.azizart.tn\/fr\/product\/gutta-pebeo\/\" data-quantity=\"1\" class=\"button wp-element-button product_type_variable add_to_cart_button\" data-product_id=\"4898\" data-product_sku=\"\" aria-label=\"S\u00e9lectionner les options pour &ldquo;GUTTA  - PEBEO&rdquo;\" rel=\"nofollow\"><span>Ajouter au panier<\/span><\/a>\t\t\t\t<\/div>\n\t\t\t<\/div>\n\n\t\t<\/div>\n\t\t<!-- \/.vlt-product-thumbnail -->\n\n\t\t<div class=\"vlt-product-content\">\n\n\n\t\t\t<h2 class=\"vlt-product-title\"><a href=\"https:\/\/www.azizart.tn\/fr\/product\/gutta-pebeo\/\">GUTTA  &#8211; PEBEO<\/a><\/h2>\n\n\t\t\t\n\t\t<\/div>\n\t\t<!-- \/.vlt-product-content -->\n\n\t<\/article>\n\t<!-- \/.vlt-product -->\n\n<\/div>\n<!-- \/.grid-item -->\n<div class=\"grid-item product type-product post-4894 status-publish instock product_cat-loisirs-creatifs product_cat-pebeo product_cat-peinture product_cat-peinture-textil-par-unite product_cat-peintures-textil product_cat-textil-soie has-post-thumbnail shipping-taxable purchasable product-type-variable\">\n\n\t<article class=\"vlt-product vlt-product--style-1 post-4894 product type-product status-publish has-post-thumbnail hentry product_cat-loisirs-creatifs product_cat-pebeo product_cat-peinture product_cat-peinture-textil-par-unite product_cat-peintures-textil product_cat-textil-soie\">\n\n\t\t<div class=\"vlt-product-thumbnail clearfix\">\n\n\t\t\t<a href=\"https:\/\/www.azizart.tn\/fr\/product\/peinture-sur-soie-setasilk-pebeo\/\" class=\"woocommerce-LoopProduct-link woocommerce-loop-product__link\"><\/a>\n\t\t\t<div class=\"vlt-add-to-cart-wrapper\">\n\t\t\t\t<div class=\"vlt-add-to-cart-button vlt-display-1\">\n\t\t\t\t\t<a href=\"https:\/\/www.azizart.tn\/fr\/product\/peinture-sur-soie-setasilk-pebeo\/\" data-quantity=\"1\" class=\"button wp-element-button product_type_variable add_to_cart_button\" data-product_id=\"4894\" data-product_sku=\"\" aria-label=\"S\u00e9lectionner les options pour &ldquo;PEINTURE SUR SOIE SETASILK  - PEBEO&rdquo;\" rel=\"nofollow\"><span>Ajouter au panier<\/span><\/a>\t\t\t\t<\/div>\n\t\t\t<\/div>\n\n\t\t<\/div>\n\t\t<!-- \/.vlt-product-thumbnail -->\n\n\t\t<div class=\"vlt-product-content\">\n\n\n\t\t\t<h2 class=\"vlt-product-title\"><a href=\"https:\/\/www.azizart.tn\/fr\/product\/peinture-sur-soie-setasilk-pebeo\/\">PEINTURE SUR SOIE SETASILK  &#8211; PEBEO<\/a><\/h2>\n\n\t\t\t\n\t\t<\/div>\n\t\t<!-- \/.vlt-product-content -->\n\n\t<\/article>\n\t<!-- \/.vlt-product -->\n\n<\/div>\n<!-- \/.grid-item -->\n<div class=\"grid-item product type-product post-4901 status-publish instock product_cat-loisirs-creatifs product_cat-pebeo product_cat-peinture product_cat-peinture-textil-par-unite product_cat-peintures-textil product_cat-textil-soie has-post-thumbnail shipping-taxable purchasable product-type-simple\">\n\n\t<article class=\"vlt-product vlt-product--style-1 post-4901 product type-product status-publish has-post-thumbnail hentry product_cat-loisirs-creatifs product_cat-pebeo product_cat-peinture product_cat-peinture-textil-par-unite product_cat-peintures-textil product_cat-textil-soie\">\n\n\t\t<div class=\"vlt-product-thumbnail clearfix\">\n\n\t\t\t<a href=\"https:\/\/www.azizart.tn\/fr\/product\/peinture-sur-tissu-setacolor-pebeo\/\" class=\"woocommerce-LoopProduct-link woocommerce-loop-product__link\"><\/a>\n\t\t\t<div class=\"vlt-add-to-cart-wrapper\">\n\t\t\t\t<div class=\"vlt-add-to-cart-button vlt-display-1\">\n\t\t\t\t\t<a href=\"?add-to-cart=4901\" data-quantity=\"1\" class=\"button wp-element-button product_type_simple add_to_cart_button ajax_add_to_cart\" data-product_id=\"4901\" data-product_sku=\"\" aria-label=\"Ajouter &ldquo;PEINTURE SUR TISSU SETACOLOR  - PEBEO&rdquo; \u00e0 votre panier\" rel=\"nofollow\"><span>Ajouter au panier<\/span><\/a>\t\t\t\t<\/div>\n\t\t\t<\/div>\n\n\t\t<\/div>\n\t\t<!-- \/.vlt-product-thumbnail -->\n\n\t\t<div class=\"vlt-product-content\">\n\n\n\t\t\t<h2 class=\"vlt-product-title\"><a href=\"https:\/\/www.azizart.tn\/fr\/product\/peinture-sur-tissu-setacolor-pebeo\/\">PEINTURE SUR TISSU SETACOLOR  &#8211; PEBEO<\/a><\/h2>\n\n\t\t\t\n\t\t<\/div>\n\t\t<!-- \/.vlt-product-content -->\n\n\t<\/article>\n\t<!-- \/.vlt-product -->\n\n<\/div>\n<!-- \/.grid-item -->\n\t<\/div><\/div>[\/vc_column][\/vc_row][vc_row full_width=&#8221;stretch_row_content_no_spaces&#8221; css=&#8221;.vc_custom_1608209112411{background-color: #c6764f !important;}&#8221;][vc_column][vc_wp_text]<\/p>\n<p style=\"color: #ffffff; text-align: center;\">Adresse : 09, Rue 20 Mars 1956 &#8211; La Marsa 2070 Tunisie<br \/>\nBoutique : (+216) 24 235 630<br \/>\nResponsable Commercial : (+216) 21 243 604<br \/>\nEmail: contact@azizart.tn | devis@azizart.tn | commercial@azizart.tn<br \/>\n<a href=\"https:\/\/www.azizart.tn\/fr\/qui-sommes-nous\/\">Qui Sommes-Nous ?<\/a><\/p>\n<p style=\"color: #ffffff; text-align: center;\">Copyright \u00a9 2022 Tous droits r\u00e9serv\u00e9s. Site Web r\u00e9alis\u00e9 par <a href=\"https:\/\/www.digipower.tn\/\">DIGI POWER<\/a><\/p>\n<p>[\/vc_wp_text][\/vc_column][\/vc_row]<\/p>\n","protected":false},"excerpt":{"rendered":"<p>[vc_row full_width=&#8221;stretch_row_content_no_spaces&#8221; awb_type=&#8221;image&#8221; awb_image_background_position=&#8221;50% 50%&#8221; bg_type=&#8221;image&#8221; parallax_style=&#8221;vcpb-default&#8221; bg_image_new=&#8221;id^3581|url^https:\/\/www.azizart.tn\/fr\/wp-content\/uploads\/2020\/12\/3-AzizArt-Nos-Produits.jpg|caption^null|alt^null|title^3-AzizArt-Nos-Produits|description^null&#8221; awb_image=&#8221;4179&#8243;][vc_column][vc_empty_space height=&#8221;45px&#8221;][vc_column_text css_animation=&#8221;fadeInRight&#8221;] Peinture textil par unit\u00e9 [\/vc_column_text][vc_empty_space height=&#8221;25px&#8221;][\/vc_column][\/vc_row][vc_row][vc_column width=&#8221;1\/4&#8243;][vc_widget_sidebar sidebar_id=&#8221;shop_sidebar&#8221;][\/vc_column][vc_column width=&#8221;3\/4&#8243;][vc_empty_space][\/vc_column][\/vc_row][vc_row full_width=&#8221;stretch_row_content_no_spaces&#8221; css=&#8221;.vc_custom_1608209112411{background-color: #c6764f !important;}&#8221;][vc_column][vc_wp_text] Adresse : 09, Rue 20 Mars 1956 &#8211; La Marsa 2070 Tunisie Boutique : (+216) 24 235 630 Responsable Commercial : (+216) 21 243 604 Email: contact@azizart.tn | devis@azizart.tn | commercial@azizart.tn [&hellip;]<\/p>\n","protected":false},"author":1,"featured_media":3406,"parent":0,"menu_order":0,"comment_status":"closed","ping_status":"closed","template":"template-custom-page.php","meta":{"_vp_format_video_url":"","_vp_image_focal_point":[]},"_links":{"self":[{"href":"https:\/\/www.azizart.tn\/fr\/wp-json\/wp\/v2\/pages\/6295"}],"collection":[{"href":"https:\/\/www.azizart.tn\/fr\/wp-json\/wp\/v2\/pages"}],"about":[{"href":"https:\/\/www.azizart.tn\/fr\/wp-json\/wp\/v2\/types\/page"}],"author":[{"embeddable":true,"href":"https:\/\/www.azizart.tn\/fr\/wp-json\/wp\/v2\/users\/1"}],"replies":[{"embeddable":true,"href":"https:\/\/www.azizart.tn\/fr\/wp-json\/wp\/v2\/comments?post=6295"}],"version-history":[{"count":0,"href":"https:\/\/www.azizart.tn\/fr\/wp-json\/wp\/v2\/pages\/6295\/revisions"}],"wp:featuredmedia":[{"embeddable":true,"href":"https:\/\/www.azizart.tn\/fr\/wp-json\/wp\/v2\/media\/3406"}],"wp:attachment":[{"href":"https:\/\/www.azizart.tn\/fr\/wp-json\/wp\/v2\/media?parent=6295"}],"curies":[{"name":"wp","href":"https:\/\/api.w.org\/{rel}","templated":true}]}}