{"id":3695,"date":"2020-12-17T13:31:30","date_gmt":"2020-12-17T13:31:30","guid":{"rendered":"http:\/\/www.azizart.tn\/fr\/?page_id=3695"},"modified":"2022-11-21T13:49:23","modified_gmt":"2022-11-21T13:49:23","slug":"aquarelle","status":"publish","type":"page","link":"https:\/\/www.azizart.tn\/fr\/aquarelle\/","title":{"rendered":"AQUARELLE"},"content":{"rendered":"<p>[vc_row full_width=&#8221;stretch_row_content_no_spaces&#8221; awb_type=&#8221;image&#8221; awb_image_background_position=&#8221;50% 50%&#8221; bg_type=&#8221;image&#8221; parallax_style=&#8221;vcpb-default&#8221; bg_image_new=&#8221;id^3581|url^https:\/\/www.azizart.tn\/fr\/wp-content\/uploads\/2020\/12\/3-AzizArt-Nos-Produits.jpg|caption^null|alt^null|title^3-AzizArt-Nos-Produits|description^null&#8221; awb_image=&#8221;4179&#8243;][vc_column][vc_empty_space height=&#8221;45px&#8221;][vc_column_text css_animation=&#8221;fadeInRight&#8221;]<\/p>\n<div align=\"center\">\n<h2>AQUARELLE<\/h2>\n<\/div>\n<p>[\/vc_column_text][vc_empty_space height=&#8221;25px&#8221;][\/vc_column][\/vc_row][vc_row][vc_column][vc_empty_space]<div class=\"woocommerce columns-4 \">\n<div class=\"vlt-products-list clearfix vlt-products-list--paged_pagination\">\n\t<div class=\"masonry clearfix\" data-masonry-col=\"4\">\n\t\t<div class=\"gutter-sizer\"><\/div>\n\t\t<div class=\"grid-sizer\"><\/div>\n<div class=\"grid-item product type-product post-3894 status-publish first instock product_cat-aquarelle product_cat-aquarelle-en-coffret product_cat-pebeo product_cat-peinture product_cat-peintures-aquarelle product_cat-peintures has-post-thumbnail shipping-taxable purchasable product-type-variable\">\n\n\t<article class=\"vlt-product vlt-product--style-1 post-3894 product type-product status-publish has-post-thumbnail hentry product_cat-aquarelle product_cat-aquarelle-en-coffret product_cat-pebeo product_cat-peinture product_cat-peintures-aquarelle product_cat-peintures\">\n\n\t\t<div class=\"vlt-product-thumbnail clearfix\">\n\n\t\t\t<a href=\"https:\/\/www.azizart.tn\/fr\/product\/aquarelle-de-12-van-gogh\/\" class=\"woocommerce-LoopProduct-link woocommerce-loop-product__link\"><\/a>\n\t\t\t<div class=\"vlt-add-to-cart-wrapper\">\n\t\t\t\t<div class=\"vlt-add-to-cart-button vlt-display-1\">\n\t\t\t\t\t<a href=\"https:\/\/www.azizart.tn\/fr\/product\/aquarelle-de-12-van-gogh\/\" data-quantity=\"1\" class=\"button wp-element-button product_type_variable add_to_cart_button\" data-product_id=\"3894\" data-product_sku=\"\" aria-label=\"S\u00e9lectionner les options pour &ldquo;AQUARELLE FINE BOITE METAL DE 12 DEMI-GODETS \u201cPEBEO\u201d&rdquo;\" rel=\"nofollow\"><span>Ajouter au panier<\/span><\/a>\t\t\t\t<\/div>\n\t\t\t<\/div>\n\n\t\t<\/div>\n\t\t<!-- \/.vlt-product-thumbnail -->\n\n\t\t<div class=\"vlt-product-content\">\n\n\n\t\t\t<h2 class=\"vlt-product-title\"><a href=\"https:\/\/www.azizart.tn\/fr\/product\/aquarelle-de-12-van-gogh\/\">AQUARELLE FINE BOITE METAL DE 12 DEMI-GODETS \u201cPEBEO\u201d<\/a><\/h2>\n\n\t\t\t\n\t\t<\/div>\n\t\t<!-- \/.vlt-product-content -->\n\n\t<\/article>\n\t<!-- \/.vlt-product -->\n\n<\/div>\n<!-- \/.grid-item -->\n<div class=\"grid-item product type-product post-4137 status-publish instock product_cat-aquarelle product_cat-aquarelle-en-coffret product_cat-peinture product_cat-peintures-aquarelle has-post-thumbnail shipping-taxable purchasable product-type-variable has-default-attributes\">\n\n\t<article class=\"vlt-product vlt-product--style-1 post-4137 product type-product status-publish has-post-thumbnail hentry product_cat-aquarelle product_cat-aquarelle-en-coffret product_cat-peinture product_cat-peintures-aquarelle\">\n\n\t\t<div class=\"vlt-product-thumbnail clearfix\">\n\n\t\t\t<a href=\"https:\/\/www.azizart.tn\/fr\/product\/aquarelle-van-gogh-24-godets\/\" class=\"woocommerce-LoopProduct-link woocommerce-loop-product__link\"><\/a>\n\t\t\t<div class=\"vlt-add-to-cart-wrapper\">\n\t\t\t\t<div class=\"vlt-add-to-cart-button vlt-display-1\">\n\t\t\t\t\t<a href=\"https:\/\/www.azizart.tn\/fr\/product\/aquarelle-van-gogh-24-godets\/\" data-quantity=\"1\" class=\"button wp-element-button product_type_variable add_to_cart_button\" data-product_id=\"4137\" data-product_sku=\"2kdd\" aria-label=\"S\u00e9lectionner les options pour &ldquo;AQUARELLE VAN GOGH 24 GODETS&rdquo;\" rel=\"nofollow\"><span>Ajouter au panier<\/span><\/a>\t\t\t\t<\/div>\n\t\t\t<\/div>\n\n\t\t<\/div>\n\t\t<!-- \/.vlt-product-thumbnail -->\n\n\t\t<div class=\"vlt-product-content\">\n\n\n\t\t\t<h2 class=\"vlt-product-title\"><a href=\"https:\/\/www.azizart.tn\/fr\/product\/aquarelle-van-gogh-24-godets\/\">AQUARELLE VAN GOGH 24 GODETS<\/a><\/h2>\n\n\t\t\t\n\t\t<\/div>\n\t\t<!-- \/.vlt-product-content -->\n\n\t<\/article>\n\t<!-- \/.vlt-product -->\n\n<\/div>\n<!-- \/.grid-item -->\n<div class=\"grid-item product type-product post-4139 status-publish instock product_cat-aquarelle product_cat-aquarelle-en-coffret product_cat-peinture product_cat-peintures-aquarelle product_cat-winsor-newton has-post-thumbnail sale shipping-taxable purchasable product-type-simple\">\n\n\t<article class=\"vlt-product vlt-product--style-1 post-4139 product type-product status-publish has-post-thumbnail hentry product_cat-aquarelle product_cat-aquarelle-en-coffret product_cat-peinture product_cat-peintures-aquarelle product_cat-winsor-newton\">\n\n\t\t<div class=\"vlt-product-thumbnail clearfix\">\n\n\t\t\t<a href=\"https:\/\/www.azizart.tn\/fr\/product\/winsor-newton-cotman-peintures-a-laquarelle-solides-demi-bloc-brillant\/\" class=\"woocommerce-LoopProduct-link woocommerce-loop-product__link\"><\/a>\n\t\t\t<div class=\"vlt-add-to-cart-wrapper\">\n\t\t\t\t<div class=\"vlt-add-to-cart-button vlt-display-1\">\n\t\t\t\t\t<a href=\"?add-to-cart=4139\" data-quantity=\"1\" class=\"button wp-element-button product_type_simple add_to_cart_button ajax_add_to_cart\" data-product_id=\"4139\" data-product_sku=\"\" aria-label=\"Ajouter &ldquo;Winsor &amp; Newton Cotman peintures \u00e0 l&#039;aquarelle solides demi-bloc brillant&rdquo; \u00e0 votre panier\" rel=\"nofollow\"><span>Ajouter au panier<\/span><\/a>\t\t\t\t<\/div>\n\t\t\t<\/div>\n\n\t\t<\/div>\n\t\t<!-- \/.vlt-product-thumbnail -->\n\n\t\t<div class=\"vlt-product-content\">\n\n\n\t\t\t<h2 class=\"vlt-product-title\"><a href=\"https:\/\/www.azizart.tn\/fr\/product\/winsor-newton-cotman-peintures-a-laquarelle-solides-demi-bloc-brillant\/\">Winsor &#038; Newton Cotman peintures \u00e0 l&#8217;aquarelle solides demi-bloc brillant<\/a><\/h2>\n\n\t\t\t\n\t\t<\/div>\n\t\t<!-- \/.vlt-product-content -->\n\n\t<\/article>\n\t<!-- \/.vlt-product -->\n\n<\/div>\n<!-- \/.grid-item -->\n<div class=\"grid-item product type-product post-1645 status-publish last instock product_cat-aquarelle product_cat-aquarelle-en-coffret product_cat-peinture product_cat-peintures-aquarelle product_cat-peintures product_tag-black product_tag-shoes has-post-thumbnail sale shipping-taxable purchasable product-type-simple\">\n\n\t<article class=\"vlt-product vlt-product--style-1 post-1645 product type-product status-publish has-post-thumbnail hentry product_cat-aquarelle product_cat-aquarelle-en-coffret product_cat-peinture product_cat-peintures-aquarelle product_cat-peintures product_tag-black product_tag-shoes\">\n\n\t\t<div class=\"vlt-product-thumbnail clearfix\">\n\n\t\t\t<a href=\"https:\/\/www.azizart.tn\/fr\/product\/aquarelle-aquafine-24-%c2%bd-godets-daller-rowney\/\" class=\"woocommerce-LoopProduct-link woocommerce-loop-product__link\"><\/a>\n\t\t\t<div class=\"vlt-add-to-cart-wrapper\">\n\t\t\t\t<div class=\"vlt-add-to-cart-button vlt-display-1\">\n\t\t\t\t\t<a href=\"?add-to-cart=1645\" data-quantity=\"1\" class=\"button wp-element-button product_type_simple add_to_cart_button ajax_add_to_cart\" data-product_id=\"1645\" data-product_sku=\"\" aria-label=\"Ajouter &ldquo;Aquarelle en tube Simply - 12X12 ml Daller Rowney&rdquo; \u00e0 votre panier\" rel=\"nofollow\"><span>Ajouter au panier<\/span><\/a>\t\t\t\t<\/div>\n\t\t\t<\/div>\n\n\t\t<\/div>\n\t\t<!-- \/.vlt-product-thumbnail -->\n\n\t\t<div class=\"vlt-product-content\">\n\n\n\t\t\t<h2 class=\"vlt-product-title\"><a href=\"https:\/\/www.azizart.tn\/fr\/product\/aquarelle-aquafine-24-%c2%bd-godets-daller-rowney\/\">Aquarelle en tube Simply &#8211; 12X12 ml Daller Rowney<\/a><\/h2>\n\n\t\t\t\n\t\t<\/div>\n\t\t<!-- \/.vlt-product-content -->\n\n\t<\/article>\n\t<!-- \/.vlt-product -->\n\n<\/div>\n<!-- \/.grid-item -->\n<div class=\"grid-item product type-product post-5328 status-publish first instock product_cat-aquarelle product_cat-aquarelle-en-coffret product_cat-lefranc-bourgeois product_cat-peinture product_cat-peintures-aquarelle product_cat-peintures has-post-thumbnail shipping-taxable purchasable product-type-simple\">\n\n\t<article class=\"vlt-product vlt-product--style-1 post-5328 product type-product status-publish has-post-thumbnail hentry product_cat-aquarelle product_cat-aquarelle-en-coffret product_cat-lefranc-bourgeois product_cat-peinture product_cat-peintures-aquarelle product_cat-peintures\">\n\n\t\t<div class=\"vlt-product-thumbnail clearfix\">\n\n\t\t\t<a href=\"https:\/\/www.azizart.tn\/fr\/product\/aquarelle-fine-de-24-lefranc-bourgeois\/\" class=\"woocommerce-LoopProduct-link woocommerce-loop-product__link\"><\/a>\n\t\t\t<div class=\"vlt-add-to-cart-wrapper\">\n\t\t\t\t<div class=\"vlt-add-to-cart-button vlt-display-1\">\n\t\t\t\t\t<a href=\"?add-to-cart=5328\" data-quantity=\"1\" class=\"button wp-element-button product_type_simple add_to_cart_button ajax_add_to_cart\" data-product_id=\"5328\" data-product_sku=\"\" aria-label=\"Ajouter &ldquo;AQUARELLE FINE DE 24 \u2013 LEFRANC &amp; BOURGEOIS&rdquo; \u00e0 votre panier\" rel=\"nofollow\"><span>Ajouter au panier<\/span><\/a>\t\t\t\t<\/div>\n\t\t\t<\/div>\n\n\t\t<\/div>\n\t\t<!-- \/.vlt-product-thumbnail -->\n\n\t\t<div class=\"vlt-product-content\">\n\n\n\t\t\t<h2 class=\"vlt-product-title\"><a href=\"https:\/\/www.azizart.tn\/fr\/product\/aquarelle-fine-de-24-lefranc-bourgeois\/\">AQUARELLE FINE DE 24 \u2013 LEFRANC &#038; BOURGEOIS<\/a><\/h2>\n\n\t\t\t\n\t\t<\/div>\n\t\t<!-- \/.vlt-product-content -->\n\n\t<\/article>\n\t<!-- \/.vlt-product -->\n\n<\/div>\n<!-- \/.grid-item -->\n<div class=\"grid-item product type-product post-5784 status-publish instock product_cat-aquarelle product_cat-aquarelle-en-coffret product_cat-coffrets-et-cadeaux product_cat-peinture product_cat-peintures product_cat-winsor-newton has-post-thumbnail shipping-taxable purchasable product-type-simple\">\n\n\t<article class=\"vlt-product vlt-product--style-1 post-5784 product type-product status-publish has-post-thumbnail hentry product_cat-aquarelle product_cat-aquarelle-en-coffret product_cat-coffrets-et-cadeaux product_cat-peinture product_cat-peintures product_cat-winsor-newton\">\n\n\t\t<div class=\"vlt-product-thumbnail clearfix\">\n\n\t\t\t<a href=\"https:\/\/www.azizart.tn\/fr\/product\/coffret-bambou-wonsor-newton-extra-fine-12-1-2-godets\/\" class=\"woocommerce-LoopProduct-link woocommerce-loop-product__link\"><\/a>\n\t\t\t<div class=\"vlt-add-to-cart-wrapper\">\n\t\t\t\t<div class=\"vlt-add-to-cart-button vlt-display-1\">\n\t\t\t\t\t<a href=\"?add-to-cart=5784\" data-quantity=\"1\" class=\"button wp-element-button product_type_simple add_to_cart_button ajax_add_to_cart\" data-product_id=\"5784\" data-product_sku=\"\" aria-label=\"Ajouter &ldquo;Coffret Bambou Wonsor &amp; Newton Extra fine  12 1\/2 GODETS&rdquo; \u00e0 votre panier\" rel=\"nofollow\"><span>Ajouter au panier<\/span><\/a>\t\t\t\t<\/div>\n\t\t\t<\/div>\n\n\t\t<\/div>\n\t\t<!-- \/.vlt-product-thumbnail -->\n\n\t\t<div class=\"vlt-product-content\">\n\n\n\t\t\t<h2 class=\"vlt-product-title\"><a href=\"https:\/\/www.azizart.tn\/fr\/product\/coffret-bambou-wonsor-newton-extra-fine-12-1-2-godets\/\">Coffret Bambou Wonsor &#038; Newton Extra fine  12 1\/2 GODETS<\/a><\/h2>\n\n\t\t\t\n\t\t<\/div>\n\t\t<!-- \/.vlt-product-content -->\n\n\t<\/article>\n\t<!-- \/.vlt-product -->\n\n<\/div>\n<!-- \/.grid-item -->\n<div class=\"grid-item product type-product post-5441 status-publish instock product_cat-aquarelle product_cat-aquarelle-en-coffret product_cat-peinture product_cat-peintures-aquarelle product_cat-peintures has-post-thumbnail shipping-taxable purchasable product-type-simple\">\n\n\t<article class=\"vlt-product vlt-product--style-1 post-5441 product type-product status-publish has-post-thumbnail hentry product_cat-aquarelle product_cat-aquarelle-en-coffret product_cat-peinture product_cat-peintures-aquarelle product_cat-peintures\">\n\n\t\t<div class=\"vlt-product-thumbnail clearfix\">\n\n\t\t\t<a href=\"https:\/\/www.azizart.tn\/fr\/product\/14-aquarelles-finesaccessoires-lefranc-bourgeois\/\" class=\"woocommerce-LoopProduct-link woocommerce-loop-product__link\"><\/a>\n\t\t\t<div class=\"vlt-add-to-cart-wrapper\">\n\t\t\t\t<div class=\"vlt-add-to-cart-button vlt-display-1\">\n\t\t\t\t\t<a href=\"?add-to-cart=5441\" data-quantity=\"1\" class=\"button wp-element-button product_type_simple add_to_cart_button ajax_add_to_cart\" data-product_id=\"5441\" data-product_sku=\"\" aria-label=\"Ajouter &ldquo;14 Aquarelles Fines+Accessoires LEFRANC-BOURGEOIS&rdquo; \u00e0 votre panier\" rel=\"nofollow\"><span>Ajouter au panier<\/span><\/a>\t\t\t\t<\/div>\n\t\t\t<\/div>\n\n\t\t<\/div>\n\t\t<!-- \/.vlt-product-thumbnail -->\n\n\t\t<div class=\"vlt-product-content\">\n\n\n\t\t\t<h2 class=\"vlt-product-title\"><a href=\"https:\/\/www.azizart.tn\/fr\/product\/14-aquarelles-finesaccessoires-lefranc-bourgeois\/\">14 Aquarelles Fines+Accessoires LEFRANC-BOURGEOIS<\/a><\/h2>\n\n\t\t\t\n\t\t<\/div>\n\t\t<!-- \/.vlt-product-content -->\n\n\t<\/article>\n\t<!-- \/.vlt-product -->\n\n<\/div>\n<!-- \/.grid-item -->\n<div class=\"grid-item product type-product post-5447 status-publish last instock product_cat-aquarelle product_cat-aquarelle-en-coffret product_cat-peinture product_cat-peintures-aquarelle product_cat-peintures has-post-thumbnail shipping-taxable purchasable product-type-simple\">\n\n\t<article class=\"vlt-product vlt-product--style-1 post-5447 product type-product status-publish has-post-thumbnail hentry product_cat-aquarelle product_cat-aquarelle-en-coffret product_cat-peinture product_cat-peintures-aquarelle product_cat-peintures\">\n\n\t\t<div class=\"vlt-product-thumbnail clearfix\">\n\n\t\t\t<a href=\"https:\/\/www.azizart.tn\/fr\/product\/boite-aquarelle-24-demi-godets-aquafine-travel-set-daler-rowney\/\" class=\"woocommerce-LoopProduct-link woocommerce-loop-product__link\"><\/a>\n\t\t\t<div class=\"vlt-add-to-cart-wrapper\">\n\t\t\t\t<div class=\"vlt-add-to-cart-button vlt-display-1\">\n\t\t\t\t\t<a href=\"?add-to-cart=5447\" data-quantity=\"1\" class=\"button wp-element-button product_type_simple add_to_cart_button ajax_add_to_cart\" data-product_id=\"5447\" data-product_sku=\"\" aria-label=\"Ajouter &ldquo;Boite Aquarelle 24 Demi-Godets Aquafine Travel Set - Daler Rowney&rdquo; \u00e0 votre panier\" rel=\"nofollow\"><span>Ajouter au panier<\/span><\/a>\t\t\t\t<\/div>\n\t\t\t<\/div>\n\n\t\t<\/div>\n\t\t<!-- \/.vlt-product-thumbnail -->\n\n\t\t<div class=\"vlt-product-content\">\n\n\n\t\t\t<h2 class=\"vlt-product-title\"><a href=\"https:\/\/www.azizart.tn\/fr\/product\/boite-aquarelle-24-demi-godets-aquafine-travel-set-daler-rowney\/\">Boite Aquarelle 24 Demi-Godets Aquafine Travel Set &#8211; Daler Rowney<\/a><\/h2>\n\n\t\t\t\n\t\t<\/div>\n\t\t<!-- \/.vlt-product-content -->\n\n\t<\/article>\n\t<!-- \/.vlt-product -->\n\n<\/div>\n<!-- \/.grid-item -->\n<div class=\"grid-item product type-product post-5425 status-publish first instock product_cat-aquarelle product_cat-aquarelle-en-coffret product_cat-peinture product_cat-peintures-aquarelle product_cat-peintures has-post-thumbnail shipping-taxable purchasable product-type-simple\">\n\n\t<article class=\"vlt-product vlt-product--style-1 post-5425 product type-product status-publish has-post-thumbnail hentry product_cat-aquarelle product_cat-aquarelle-en-coffret product_cat-peinture product_cat-peintures-aquarelle product_cat-peintures\">\n\n\t\t<div class=\"vlt-product-thumbnail clearfix\">\n\n\t\t\t<a href=\"https:\/\/www.azizart.tn\/fr\/product\/boite-mettalique-aquarelle-fine-de-12-pebeo\/\" class=\"woocommerce-LoopProduct-link woocommerce-loop-product__link\"><\/a>\n\t\t\t<div class=\"vlt-add-to-cart-wrapper\">\n\t\t\t\t<div class=\"vlt-add-to-cart-button vlt-display-1\">\n\t\t\t\t\t<a href=\"?add-to-cart=5425\" data-quantity=\"1\" class=\"button wp-element-button product_type_simple add_to_cart_button ajax_add_to_cart\" data-product_id=\"5425\" data-product_sku=\"\" aria-label=\"Ajouter &ldquo;BOITE METTALIQUE AQUARELLE FINE DE 12 \u2013 PEBEO&rdquo; \u00e0 votre panier\" rel=\"nofollow\"><span>Ajouter au panier<\/span><\/a>\t\t\t\t<\/div>\n\t\t\t<\/div>\n\n\t\t<\/div>\n\t\t<!-- \/.vlt-product-thumbnail -->\n\n\t\t<div class=\"vlt-product-content\">\n\n\n\t\t\t<h2 class=\"vlt-product-title\"><a href=\"https:\/\/www.azizart.tn\/fr\/product\/boite-mettalique-aquarelle-fine-de-12-pebeo\/\">BOITE METTALIQUE AQUARELLE FINE DE 12 \u2013 PEBEO<\/a><\/h2>\n\n\t\t\t\n\t\t<\/div>\n\t\t<!-- \/.vlt-product-content -->\n\n\t<\/article>\n\t<!-- \/.vlt-product -->\n\n<\/div>\n<!-- \/.grid-item -->\n<div class=\"grid-item product type-product post-4965 status-publish instock product_cat-aquarelle product_cat-coffrets-et-cadeaux product_cat-crayons-aquarellable product_cat-crayons-de-couleurs product_cat-dessin has-post-thumbnail shipping-taxable purchasable product-type-simple\">\n\n\t<article class=\"vlt-product vlt-product--style-1 post-4965 product type-product status-publish has-post-thumbnail hentry product_cat-aquarelle product_cat-coffrets-et-cadeaux product_cat-crayons-aquarellable product_cat-crayons-de-couleurs product_cat-dessin\">\n\n\t\t<div class=\"vlt-product-thumbnail clearfix\">\n\n\t\t\t<a href=\"https:\/\/www.azizart.tn\/fr\/product\/crayons-aquarallable-golfaber-de-36-faber-castell\/\" class=\"woocommerce-LoopProduct-link woocommerce-loop-product__link\"><\/a>\n\t\t\t<div class=\"vlt-add-to-cart-wrapper\">\n\t\t\t\t<div class=\"vlt-add-to-cart-button vlt-display-1\">\n\t\t\t\t\t<a href=\"?add-to-cart=4965\" data-quantity=\"1\" class=\"button wp-element-button product_type_simple add_to_cart_button ajax_add_to_cart\" data-product_id=\"4965\" data-product_sku=\"\" aria-label=\"Ajouter &ldquo;CRAYONS AQUARELLABLE GOLFABER DE 36  - FABER CASTELL&rdquo; \u00e0 votre panier\" rel=\"nofollow\"><span>Ajouter au panier<\/span><\/a>\t\t\t\t<\/div>\n\t\t\t<\/div>\n\n\t\t<\/div>\n\t\t<!-- \/.vlt-product-thumbnail -->\n\n\t\t<div class=\"vlt-product-content\">\n\n\n\t\t\t<h2 class=\"vlt-product-title\"><a href=\"https:\/\/www.azizart.tn\/fr\/product\/crayons-aquarallable-golfaber-de-36-faber-castell\/\">CRAYONS AQUARELLABLE GOLFABER DE 36  &#8211; FABER CASTELL<\/a><\/h2>\n\n\t\t\t\n\t\t<\/div>\n\t\t<!-- \/.vlt-product-content -->\n\n\t<\/article>\n\t<!-- \/.vlt-product -->\n\n<\/div>\n<!-- \/.grid-item -->\n<div class=\"grid-item product type-product post-4907 status-publish instock product_cat-additifs product_cat-aquarelle product_cat-mediums-aquarelles product_cat-vernis has-post-thumbnail shipping-taxable purchasable product-type-simple\">\n\n\t<article class=\"vlt-product vlt-product--style-1 post-4907 product type-product status-publish has-post-thumbnail hentry product_cat-additifs product_cat-aquarelle product_cat-mediums-aquarelles product_cat-vernis\">\n\n\t\t<div class=\"vlt-product-thumbnail clearfix\">\n\n\t\t\t<a href=\"https:\/\/www.azizart.tn\/fr\/product\/vernis-aquarelle-75ml-daller-rowney\/\" class=\"woocommerce-LoopProduct-link woocommerce-loop-product__link\"><\/a>\n\t\t\t<div class=\"vlt-add-to-cart-wrapper\">\n\t\t\t\t<div class=\"vlt-add-to-cart-button vlt-display-1\">\n\t\t\t\t\t<a href=\"?add-to-cart=4907\" data-quantity=\"1\" class=\"button wp-element-button product_type_simple add_to_cart_button ajax_add_to_cart\" data-product_id=\"4907\" data-product_sku=\"\" aria-label=\"Ajouter &ldquo;VERNIS AQUARELLE 75ML - DALLER ROWNEY&rdquo; \u00e0 votre panier\" rel=\"nofollow\"><span>Ajouter au panier<\/span><\/a>\t\t\t\t<\/div>\n\t\t\t<\/div>\n\n\t\t<\/div>\n\t\t<!-- \/.vlt-product-thumbnail -->\n\n\t\t<div class=\"vlt-product-content\">\n\n\n\t\t\t<h2 class=\"vlt-product-title\"><a href=\"https:\/\/www.azizart.tn\/fr\/product\/vernis-aquarelle-75ml-daller-rowney\/\">VERNIS AQUARELLE 75ML &#8211; DALLER ROWNEY<\/a><\/h2>\n\n\t\t\t\n\t\t<\/div>\n\t\t<!-- \/.vlt-product-content -->\n\n\t<\/article>\n\t<!-- \/.vlt-product -->\n\n<\/div>\n<!-- \/.grid-item -->\n<div class=\"grid-item product type-product post-3901 status-publish last instock product_cat-aquarelle product_cat-aquarelle-en-coffret product_cat-coffrets-et-cadeaux product_cat-peinture product_cat-peintures-aquarelle product_cat-peintures product_cat-winsor-newton has-post-thumbnail shipping-taxable purchasable product-type-simple\">\n\n\t<article class=\"vlt-product vlt-product--style-1 post-3901 product type-product status-publish has-post-thumbnail hentry product_cat-aquarelle product_cat-aquarelle-en-coffret product_cat-coffrets-et-cadeaux product_cat-peinture product_cat-peintures-aquarelle product_cat-peintures product_cat-winsor-newton\">\n\n\t\t<div class=\"vlt-product-thumbnail clearfix\">\n\n\t\t\t<a href=\"https:\/\/www.azizart.tn\/fr\/product\/winsor-newton-professional-water-colour-coffret-bois-daquarelle-peinture-extra-fine-avec-12-1-2-godets\/\" class=\"woocommerce-LoopProduct-link woocommerce-loop-product__link\"><\/a>\n\t\t\t<div class=\"vlt-add-to-cart-wrapper\">\n\t\t\t\t<div class=\"vlt-add-to-cart-button vlt-display-1\">\n\t\t\t\t\t<a href=\"?add-to-cart=3901\" data-quantity=\"1\" class=\"button wp-element-button product_type_simple add_to_cart_button ajax_add_to_cart\" data-product_id=\"3901\" data-product_sku=\"\" aria-label=\"Ajouter &ldquo;Coffret Aquarelle professionnel professionnel extra fine  - Boite de terrain&rdquo; \u00e0 votre panier\" rel=\"nofollow\"><span>Ajouter au panier<\/span><\/a>\t\t\t\t<\/div>\n\t\t\t<\/div>\n\n\t\t<\/div>\n\t\t<!-- \/.vlt-product-thumbnail -->\n\n\t\t<div class=\"vlt-product-content\">\n\n\n\t\t\t<h2 class=\"vlt-product-title\"><a href=\"https:\/\/www.azizart.tn\/fr\/product\/winsor-newton-professional-water-colour-coffret-bois-daquarelle-peinture-extra-fine-avec-12-1-2-godets\/\">Coffret Aquarelle professionnel professionnel extra fine  &#8211; Boite de terrain<\/a><\/h2>\n\n\t\t\t\n\t\t<\/div>\n\t\t<!-- \/.vlt-product-content -->\n\n\t<\/article>\n\t<!-- \/.vlt-product -->\n\n<\/div>\n<!-- \/.grid-item -->\n\t<\/div><\/div>[\/vc_column][\/vc_row][vc_row full_width=&#8221;stretch_row_content_no_spaces&#8221; css=&#8221;.vc_custom_1608209112411{background-color: #c6764f !important;}&#8221;][vc_column][vc_wp_text]<\/p>\n<p style=\"color: #ffffff; text-align: center;\">Adresse : 09, Rue 20 Mars 1956 &#8211; La Marsa 2070 Tunisie<br \/>\nBoutique : (+216) 24 235 630<br \/>\nResponsable Commercial : (+216) 21 243 604<br \/>\nEmail: contact@azizart.tn | devis@azizart.tn | commercial@azizart.tn<br \/>\n<a href=\"https:\/\/www.azizart.tn\/fr\/qui-sommes-nous\/\">Qui Sommes-Nous ?<\/a><\/p>\n<p style=\"color: #ffffff; text-align: center;\">Copyright \u00a9 2022 Tous droits r\u00e9serv\u00e9s. Site Web r\u00e9alis\u00e9 par <a href=\"https:\/\/www.digipower.tn\/\">DIGI POWER<\/a><\/p>\n<p>[\/vc_wp_text][\/vc_column][\/vc_row]<\/p>\n","protected":false},"excerpt":{"rendered":"<p>[vc_row full_width=&#8221;stretch_row_content_no_spaces&#8221; awb_type=&#8221;image&#8221; awb_image_background_position=&#8221;50% 50%&#8221; bg_type=&#8221;image&#8221; parallax_style=&#8221;vcpb-default&#8221; bg_image_new=&#8221;id^3581|url^https:\/\/www.azizart.tn\/fr\/wp-content\/uploads\/2020\/12\/3-AzizArt-Nos-Produits.jpg|caption^null|alt^null|title^3-AzizArt-Nos-Produits|description^null&#8221; awb_image=&#8221;4179&#8243;][vc_column][vc_empty_space height=&#8221;45px&#8221;][vc_column_text css_animation=&#8221;fadeInRight&#8221;] AQUARELLE [\/vc_column_text][vc_empty_space height=&#8221;25px&#8221;][\/vc_column][\/vc_row][vc_row][vc_column][vc_empty_space][\/vc_column][\/vc_row][vc_row full_width=&#8221;stretch_row_content_no_spaces&#8221; css=&#8221;.vc_custom_1608209112411{background-color: #c6764f !important;}&#8221;][vc_column][vc_wp_text] Adresse : 09, Rue 20 Mars 1956 &#8211; La Marsa 2070 Tunisie Boutique : (+216) 24 235 630 Responsable Commercial : (+216) 21 243 604 Email: contact@azizart.tn | devis@azizart.tn | commercial@azizart.tn Qui Sommes-Nous ? Copyright \u00a9 2022 [&hellip;]<\/p>\n","protected":false},"author":1,"featured_media":3406,"parent":0,"menu_order":0,"comment_status":"closed","ping_status":"closed","template":"template-custom-page.php","meta":{"_vp_format_video_url":"","_vp_image_focal_point":[]},"_links":{"self":[{"href":"https:\/\/www.azizart.tn\/fr\/wp-json\/wp\/v2\/pages\/3695"}],"collection":[{"href":"https:\/\/www.azizart.tn\/fr\/wp-json\/wp\/v2\/pages"}],"about":[{"href":"https:\/\/www.azizart.tn\/fr\/wp-json\/wp\/v2\/types\/page"}],"author":[{"embeddable":true,"href":"https:\/\/www.azizart.tn\/fr\/wp-json\/wp\/v2\/users\/1"}],"replies":[{"embeddable":true,"href":"https:\/\/www.azizart.tn\/fr\/wp-json\/wp\/v2\/comments?post=3695"}],"version-history":[{"count":0,"href":"https:\/\/www.azizart.tn\/fr\/wp-json\/wp\/v2\/pages\/3695\/revisions"}],"wp:featuredmedia":[{"embeddable":true,"href":"https:\/\/www.azizart.tn\/fr\/wp-json\/wp\/v2\/media\/3406"}],"wp:attachment":[{"href":"https:\/\/www.azizart.tn\/fr\/wp-json\/wp\/v2\/media?parent=3695"}],"curies":[{"name":"wp","href":"https:\/\/api.w.org\/{rel}","templated":true}]}}